{"id":3374,"date":"2024-08-18T18:56:14","date_gmt":"2024-08-19T01:56:14","guid":{"rendered":"https:\/\/mcspuronics.com\/?page_id=3374"},"modified":"2026-04-17T11:07:39","modified_gmt":"2026-04-17T18:07:39","slug":"sistemas-de-ablandamiento-de-agua","status":"publish","type":"page","link":"https:\/\/mcspuronics.com\/es\/sistemas-de-ablandamiento-de-agua\/","title":{"rendered":"Sistemas de ablandamiento de agua"},"content":{"rendered":"\t\t<div data-elementor-type=\"wp-page\" data-elementor-id=\"3374\" class=\"elementor elementor-3374 elementor-590\" data-elementor-post-type=\"page\">\n\t\t\t\t\t\t<section class=\"elementor-section elementor-top-section elementor-element elementor-element-240b27ee elementor-section-stretched elementor-section-boxed elementor-section-height-default elementor-section-height-default\" data-id=\"240b27ee\" data-element_type=\"section\" data-e-type=\"section\" data-settings=\"{&quot;background_background&quot;:&quot;classic&quot;,&quot;stretch_section&quot;:&quot;section-stretched&quot;}\">\n\t\t\t\t\t\t<div class=\"elementor-container elementor-column-gap-default\">\n\t\t\t\t\t<div class=\"elementor-column elementor-col-100 elementor-top-column elementor-element elementor-element-1bb7e7a2\" data-id=\"1bb7e7a2\" data-element_type=\"column\" data-e-type=\"column\">\n\t\t\t<div class=\"elementor-widget-wrap elementor-element-populated\">\n\t\t\t\t\t\t\t<\/div>\n\t\t<\/div>\n\t\t\t\t\t<\/div>\n\t\t<\/section>\n\t\t\t\t<section class=\"elementor-section elementor-top-section elementor-element elementor-element-2264456 elementor-section-boxed elementor-section-height-default elementor-section-height-default\" data-id=\"2264456\" data-element_type=\"section\" data-e-type=\"section\">\n\t\t\t\t\t\t<div class=\"elementor-container elementor-column-gap-default\">\n\t\t\t\t\t<div class=\"elementor-column elementor-col-100 elementor-top-column elementor-element elementor-element-39ddc76\" data-id=\"39ddc76\" data-element_type=\"column\" data-e-type=\"column\">\n\t\t\t<div class=\"elementor-widget-wrap elementor-element-populated\">\n\t\t\t\t\t\t<div class=\"elementor-element elementor-element-0cedf08 elementor-widget elementor-widget-heading\" data-id=\"0cedf08\" data-element_type=\"widget\" data-e-type=\"widget\" data-settings=\"{&quot;ekit_we_effect_on&quot;:&quot;none&quot;}\" data-widget_type=\"heading.default\">\n\t\t\t\t<div class=\"elementor-widget-container\">\n\t\t\t\t\t<h3 class=\"elementor-heading-title elementor-size-default\">Transforme el agua de su hogar con los sistemas de suavizadores de agua Puronics\u00ae<\/h3>\t\t\t\t<\/div>\n\t\t\t\t<\/div>\n\t\t\t\t<div class=\"elementor-element elementor-element-5cd63c2 elementor-widget elementor-widget-text-editor\" data-id=\"5cd63c2\" data-element_type=\"widget\" data-e-type=\"widget\" data-settings=\"{&quot;ekit_we_effect_on&quot;:&quot;none&quot;}\" data-widget_type=\"text-editor.default\">\n\t\t\t\t<div class=\"elementor-widget-container\">\n\t\t\t\t\t\t\t\t\t<p>Disfrute de agua fresca y pura en toda su casa, ya que nuestras avanzadas soluciones de suavizaci\u00f3n abordan problemas comunes como la dureza, las manchas, el desagradable sabor y olor a cloro, adem\u00e1s de dejar su piel y cabello con una sensaci\u00f3n maravillosamente suave e hidratada. \u00a1Experimente la diferencia de Puronics\u00ae hoy mismo!<\/p>\t\t\t\t\t\t\t\t<\/div>\n\t\t\t\t<\/div>\n\t\t\t\t\t<\/div>\n\t\t<\/div>\n\t\t\t\t\t<\/div>\n\t\t<\/section>\n\t\t\t\t<section class=\"elementor-section elementor-top-section elementor-element elementor-element-8bfd194 elementor-section-boxed elementor-section-height-default elementor-section-height-default\" data-id=\"8bfd194\" data-element_type=\"section\" data-e-type=\"section\">\n\t\t\t\t\t\t<div class=\"elementor-container elementor-column-gap-default\">\n\t\t\t\t\t<div class=\"elementor-column elementor-col-100 elementor-top-column elementor-element elementor-element-ec2c05f\" data-id=\"ec2c05f\" data-element_type=\"column\" data-e-type=\"column\">\n\t\t\t<div class=\"elementor-widget-wrap elementor-element-populated\">\n\t\t\t\t\t\t<div class=\"elementor-element elementor-element-764abc2 elementor-widget elementor-widget-heading\" data-id=\"764abc2\" data-element_type=\"widget\" data-e-type=\"widget\" data-settings=\"{&quot;ekit_we_effect_on&quot;:&quot;none&quot;}\" data-widget_type=\"heading.default\">\n\t\t\t\t<div class=\"elementor-widget-container\">\n\t\t\t\t\t<h3 class=\"elementor-heading-title elementor-size-default\">\u00bfQu\u00e9 es un Suavizador de Agua?<\/h3>\t\t\t\t<\/div>\n\t\t\t\t<\/div>\n\t\t\t\t<div class=\"elementor-element elementor-element-493897a elementor-widget elementor-widget-text-editor\" data-id=\"493897a\" data-element_type=\"widget\" data-e-type=\"widget\" data-settings=\"{&quot;ekit_we_effect_on&quot;:&quot;none&quot;}\" data-widget_type=\"text-editor.default\">\n\t\t\t\t<div class=\"elementor-widget-container\">\n\t\t\t\t\t\t\t\t\t<p>Un suavizador de agua es un dispositivo especializado dise\u00f1ado para abordar el problema com\u00fan del agua dura. El agua dura contiene altos niveles de minerales, principalmente calcio y magnesio, que pueden provocar una variedad de problemas en su hogar. Mediante el uso de un suavizador de agua, estos molestos iones se eliminan eficazmente, proporcionando un agua m\u00e1s suave y manejable. Algunos sistemas tambi\u00e9n pueden eliminar iones de hierro durante este proceso.<\/p><p>La forma m\u00e1s eficiente de disfrutar de los beneficios del agua suave es instalar un equipo suavizador que se conecte directamente al suministro principal de agua de su hogar. Esto asegura que cada grifo en su casa entregue el agua limpia y suavizada que usted y su familia merecen.<\/p><p>\u00a1Experimente la comodidad y conveniencia del agua suavizada con un sistema de suavizador de agua confiable!<\/p>\t\t\t\t\t\t\t\t<\/div>\n\t\t\t\t<\/div>\n\t\t\t\t\t<\/div>\n\t\t<\/div>\n\t\t\t\t\t<\/div>\n\t\t<\/section>\n\t\t\t\t<section class=\"elementor-section elementor-top-section elementor-element elementor-element-875e5d7 elementor-section-boxed elementor-section-height-default elementor-section-height-default\" data-id=\"875e5d7\" data-element_type=\"section\" data-e-type=\"section\">\n\t\t\t\t\t\t<div class=\"elementor-container elementor-column-gap-default\">\n\t\t\t\t\t<div class=\"elementor-column elementor-col-100 elementor-top-column elementor-element elementor-element-747e1d7\" data-id=\"747e1d7\" data-element_type=\"column\" data-e-type=\"column\">\n\t\t\t<div class=\"elementor-widget-wrap elementor-element-populated\">\n\t\t\t\t\t\t<div class=\"elementor-element elementor-element-55ffa89 elementor-widget elementor-widget-heading\" data-id=\"55ffa89\" data-element_type=\"widget\" data-e-type=\"widget\" data-settings=\"{&quot;ekit_we_effect_on&quot;:&quot;none&quot;}\" data-widget_type=\"heading.default\">\n\t\t\t\t<div class=\"elementor-widget-container\">\n\t\t\t\t\t<h3 class=\"elementor-heading-title elementor-size-default\">Suavizadores de Agua Chlorostatic\u00ae<\/h3>\t\t\t\t<\/div>\n\t\t\t\t<\/div>\n\t\t\t\t<div class=\"elementor-element elementor-element-624bbd1 elementor-widget elementor-widget-text-editor\" data-id=\"624bbd1\" data-element_type=\"widget\" data-e-type=\"widget\" data-settings=\"{&quot;ekit_we_effect_on&quot;:&quot;none&quot;}\" data-widget_type=\"text-editor.default\">\n\t\t\t\t<div class=\"elementor-widget-container\">\n\t\t\t\t\t\t\t\t\t<p>Los sistemas de suavizadores de agua Chlorostatic\u00ae para toda la casa de Puronics\u00ae, con medios filtrantes Clearess\u00ae y Chloroshield\u2122, est\u00e1n espec\u00edficamente dise\u00f1ados para reducir los niveles de cloramina, cloro y dureza t\u00edpicamente encontrados en los suministros de agua municipales, al mismo tiempo que reducen la necesidad de cambios de filtro. Estos suavizadores de agua van m\u00e1s all\u00e1 del lecho de resina tradicional, protegiendo su hogar de qu\u00edmicos potencialmente da\u00f1inos. La cloramina es un desinfectante com\u00fan en el agua municipal, pero es corrosiva para las tuber\u00edas de plomo y cobre y podr\u00eda tener efectos secundarios para las personas y los peces. Nuestros sistemas de suavizadores de agua Chlorostatic\u00ae tambi\u00e9n utilizan la tecnolog\u00eda avanzada de iGen\u00ae&#8230; la v\u00e1lvula tan inteligente que hace el pensamiento por usted para optimizar la calidad del agua y la eficiencia operativa.<\/p>\t\t\t\t\t\t\t\t<\/div>\n\t\t\t\t<\/div>\n\t\t\t\t<div class=\"elementor-element elementor-element-a4b7e6c elementor-widget elementor-widget-ucaddon_woocommerce_product_grid\" data-id=\"a4b7e6c\" data-element_type=\"widget\" data-e-type=\"widget\" data-settings=\"{&quot;ekit_we_effect_on&quot;:&quot;none&quot;}\" data-widget_type=\"ucaddon_woocommerce_product_grid.default\">\n\t\t\t\t<div class=\"elementor-widget-container\">\n\t\t\t\t\t\n<!-- start Woo Product Grid -->\n\t\t<link id='font-awesome-css' href='https:\/\/mcspuronics.com\/wp-content\/plugins\/unlimited-elements-for-elementor-premium\/assets_libraries\/font-awesome6\/fontawesome-all.min.css' type='text\/css' rel='stylesheet' >\n\t\t<link id='font-awesome-4-shim-css' href='https:\/\/mcspuronics.com\/wp-content\/plugins\/unlimited-elements-for-elementor-premium\/assets_libraries\/font-awesome6\/fontawesome-v4-shims.min.css' type='text\/css' rel='stylesheet' >\n\n<style>\/* widget: Woo Product Grid *\/\n\n\n\n#uc_woocommerce_product_grid_elementor_a4b7e6c * {\n\t-webkit-box-sizing: border-box;\n\t-moz-box-sizing: border-box;\n\tbox-sizing: border-box;\n    \n}\n\n#uc_woocommerce_product_grid_elementor_a4b7e6c .ue_woocommerce_product_label-custom-field{\n\tz-index: 100;\n}\n\n#uc_woocommerce_product_grid_elementor_a4b7e6c .uc_post_grid_style_one_item{\n\ttransition: all.3s;\n}\n\n#uc_woocommerce_product_grid_elementor_a4b7e6c span.add-to-cart__loader{\n  \tposition: absolute;\n  \tright: 0;\n  \ttop: 50%;\n  \ttransform: translate(0, -50%);\n  \tline-height: 1em;\n}\n#uc_woocommerce_product_grid_elementor_a4b7e6c .add_to_cart_button.loading span.add-to-cart__loader{\n\tdisplay: inline-block !important;\n}\n\n#uc_woocommerce_product_grid_elementor_a4b7e6c .uc-grid-count-buttons{\n\tdisplay: flex;\n}\n\n#uc_woocommerce_product_grid_elementor_a4b7e6c .uc-grid-count-buttons button{\n\tdisplay: flex;\n    align-items:center;\n    justify-content:center;\n    flex-grow:0;\n    flex-shrink:0;\n    line-height:1em;\n}\n\n#uc_woocommerce_product_grid_elementor_a4b7e6c .uc-grid-count-buttons button:disabled{\n\topacity:0.5;\n}\n\n#uc_woocommerce_product_grid_elementor_a4b7e6c .uc-grid-count-buttons button svg{\n\theight:1em;\n    width:1em;\n}\n\n#uc_woocommerce_product_grid_elementor_a4b7e6c input.uc-grid-count-buttons__number{\n  text-align:center;\n  flex-grow:1;\n}\n\n\n#uc_woocommerce_product_grid_elementor_a4b7e6c \n{\n  margin:0 auto;\n  position:relative;  \n}\n\n.uc_post_grid_style_one .uc_post_grid_style_one_item {\n\tcolor: #111;\n\tfont-size: 16px;\n\toverflow: hidden;\n  \tposition: relative;\n}\n#uc_woocommerce_product_grid_elementor_a4b7e6c .uc_post_grid_style_one_image {\n\twidth: 100%;\n\toverflow: hidden;\n\tdisplay: block;\n  \tposition: relative;\n}\n#uc_woocommerce_product_grid_elementor_a4b7e6c .uc_post_image {\n    position:relative;\n\tdisplay: block;\n\ttransition: all 0.25s ease-in-out;\n    overflow:hidden;\n}\n\n#uc_woocommerce_product_grid_elementor_a4b7e6c .uc_post_image--second{\n  \twidth: 100%;\n    height: 100%;\n    object-fit: cover;\n\tposition: absolute;\n  \ttop: 0;\n  \tright: 0;\n  \t  \t\t  \t\t\ttransform: translate(100%, 0);\n  \t\t    \n  \t \n  \ttransition: all .3s;\n}\n\n#uc_woocommerce_product_grid_elementor_a4b7e6c .uc_post_grid_style_one_image:hover .uc_post_image--second{  \n  \t\t\ttransform: translate(0, 0);\n  \t}\n\n#uc_woocommerce_product_grid_elementor_a4b7e6c  .uc_post_image img\n{\n  width:100%;\n  display: block;\n  transition:0.3s;\n}\n\n\n\n\n.uc_post_grid_style_one .uc_title {\n    font-size: 21px;\n}\n.uc_post_grid_style_one .uc_title a {\n\ttext-decoration: none;\n}\n\n\n#uc_woocommerce_product_grid_elementor_a4b7e6c .uc_post_grid_style_one_button > a,\n#uc_woocommerce_product_grid_elementor_a4b7e6c .uc_post_grid_style_one_button > button,\n#uc_woocommerce_product_grid_elementor_a4b7e6c .uc-button-addcart,\n#uc_woocommerce_product_grid_elementor_a4b7e6c .added_to_cart{\n\tdisplay: inline-block;\n\ttext-align: center;\n    text-decoration: none;\n    text-transform: none;\n\ttransition: all 0.25s ease-in-out;\n    vertical-align: middle;\n}\n\n  #uc_woocommerce_product_grid_elementor_a4b7e6c .uc-button-addcart.added{\n    display:none;\n  }\n\n#uc_woocommerce_product_grid_elementor_a4b7e6c.uc_post_grid_style_one .uc_post_grid_style_one_wrap {\t\n    display: grid;\n}\n\n\n\n\n\n\n\n@media (max-width:1023px){\n\t#uc_woocommerce_product_grid_elementor_a4b7e6c.uc_post_grid_style_one .uc_post_grid_style_one_wrap {\n\t\tgrid-template-columns: repeat(2, 1fr);\n\t}\n}\n@media (max-width:639px){\n\t#uc_woocommerce_product_grid_elementor_a4b7e6c.uc_post_grid_style_one .uc_post_grid_style_one_wrap {\n\t\tgrid-template-columns: repeat(1, 1fr);\n\t}\n}\n\n\n\t#uc_woocommerce_product_grid_elementor_a4b7e6c .uc_post_grid_style_one_item {\n     display:flex;  \n     flex-direction:row;\n    }\n    #uc_woocommerce_product_grid_elementor_a4b7e6c .uc_post_grid_style_one_item > div{\n     width:50%;\n    }\n   \n    #uc_woocommerce_product_grid_elementor_a4b7e6c .uc_content\n    {\n      display:flex;\n      flex-direction:column;\n      justify-content:center;\n    }\n \n\n\n#uc_woocommerce_product_grid_elementor_a4b7e6c .ue_category_label\n{\n  display:block;\n  text-decoration:none;\n}\n\n\/* hide default arrows in input type number *\/\n\/* Chrome, Safari, Edge, Opera *\/\n#uc_woocommerce_product_grid_elementor_a4b7e6c input.uc-grid-count-buttons__number::-webkit-outer-spin-button,\n#uc_woocommerce_product_grid_elementor_a4b7e6c input.uc-grid-count-buttons__number::-webkit-inner-spin-button{\n\t-webkit-appearance: none;\n  \tmargin: 0;\n}\n\n\/* Firefox *\/\n#uc_woocommerce_product_grid_elementor_a4b7e6c input.uc-grid-count-buttons__number[type=number]{\n\t-moz-appearance: textfield;\n}\n\/* end hide default arrows in input type number *\/\n\n.uc_regular_price\n{\n  text-decoration:line-through !important;\n}\n\ndel{\n  display: block;\n  color: #000;\n  opacity: .5;\n  font-size: 26px;\n  font-weight: 400;\n  text-decoration:line-through !important;\n}\n\nins{\n  color: #000;\n  font-size: 36px;\n  font-weight: 400;\n  text-decoration: none;\n}\n\n#uc_woocommerce_product_grid_elementor_a4b7e6c .ue_woocommerce_product_carousel_sale_label\n{\n  display:inline-block;\n  position:absolute;\n  z-index: 1;\n  left:10px;\n  top:10px;\n}\n\n#uc_woocommerce_product_grid_elementor_a4b7e6c .ue_woocommerce_product_grid_out_of_stock_label{\n  \t    position: absolute;\n  \t  \twidth: fit-content;\n  \tleft:10px;\n  \ttop:10px;\n  \tz-index: 1;\n}\n\n#uc_woocommerce_product_grid_elementor_a4b7e6c .ue-inner-btn-wrapper\n{\n  display:flex;\n  align-items:center;\n  justify-content:center;\n  position: relative;\n  pointer-events: none;\n}\n\n<\/style>\n\n<div class=\"uc_post_grid_style_one woocommerce_product_grid  \" id=\"uc_woocommerce_product_grid_elementor_a4b7e6c\"   style=\"direction:ltr;text-align:center;\">\n\t\t<div class=\"uc_post_grid_style_one_wrap uc-items-wrapper ue-woo-grid\">\n\t\t\t\n          <div class=\"uc_post_grid_style_one_item ue-item\" id=\"uc_woocommerce_product_grid_elementor_a4b7e6c_item1\">\n  \n  \t  \n \n        \t\n\t   \n  \n     <div>\n   <a class=\"uc_post_grid_style_one_image\" href=\"https:\/\/mcspuronics.com\/es\/product\/combo-de-filtro-y-suavizador-de-agua-con-cloramina-para-toda-la-casa-defender-igen-c\/\">\n     \n     \t\n        <div class=\"uc_post_image\">\n          \t\n          \n     \t\t               <img decoding=\"async\" src=\"https:\/\/mcspuronics.com\/wp-content\/uploads\/defender-igen-12.19-1-768x768.png\"  alt=\"defender-igen-12\">\n            \t\n                     \t\n          \n     \n     <\/div>\n     \n               \n   <\/a>\n   <\/div>  \n  \n      \n  \n  <div class=\"uc_content padding\">\n    \n         \n                \n          \n      <div class=\"uc_title\"><a href=\"https:\/\/mcspuronics.com\/es\/product\/combo-de-filtro-y-suavizador-de-agua-con-cloramina-para-toda-la-casa-defender-igen-c\/\">Combo de filtro y suavizador de agua con cloramina para toda la casa Defender\u2122 iGen\u00ae C<\/a><\/div>    \n          \n            \n        \n    \n             \n      <div class=\"ue_grid_item_bottom\">\n      \n       <div class=\"ue_grid_prices\">\n         \n                \n              <\/div>\n\t  \n      <div class=\"uc_post_grid_style_one_button\">\n                                \n              <a class=\"uc_more_btn \" href=\"https:\/\/mcspuronics.com\/es\/product\/combo-de-filtro-y-suavizador-de-agua-con-cloramina-para-toda-la-casa-defender-igen-c\/\" href='https:\/\/mcspuronics.com\/es\/product\/combo-de-filtro-y-suavizador-de-agua-con-cloramina-para-toda-la-casa-defender-igen-c\/' target=\"_self\">\n               <div class=\"ue-inner-btn-wrapper\">\n                <span><i class=''><\/i><\/span><span>Ver producto<\/span>\n               <\/div>\n              <\/a>          \n        \n        \n              <\/div>\n    <\/div> \n  <\/div>\n\n    \t\n\n<\/div>\n<div class=\"uc_post_grid_style_one_item ue-item\" id=\"uc_woocommerce_product_grid_elementor_a4b7e6c_item2\">\n  \n  \t  \n \n        \t\n\t   \n  \n     <div>\n   <a class=\"uc_post_grid_style_one_image\" href=\"https:\/\/mcspuronics.com\/es\/product\/hydronex-igen-c-sistema-de-ablandamiento-de-agua-para-toda-la-casa-y-filtro-de-cloramina\/\">\n     \n     \t\n        <div class=\"uc_post_image\">\n          \t\n          \n     \t\t               <img decoding=\"async\" src=\"https:\/\/mcspuronics.com\/wp-content\/uploads\/hydronex-c-igen-12.19-1-1-768x769.png\"  alt=\"hydronex-c-igen-12\">\n            \t\n                     \t\n          \n     \n     <\/div>\n     \n               \n   <\/a>\n   <\/div>  \n  \n      \n  \n  <div class=\"uc_content padding\">\n    \n         \n                \n          \n      <div class=\"uc_title\"><a href=\"https:\/\/mcspuronics.com\/es\/product\/hydronex-igen-c-sistema-de-ablandamiento-de-agua-para-toda-la-casa-y-filtro-de-cloramina\/\">Hydronex\u00ae iGen\u00ae C: Sistema de ablandamiento de agua para toda la casa y filtro de cloramina<\/a><\/div>    \n          \n            \n        \n    \n             \n      <div class=\"ue_grid_item_bottom\">\n      \n       <div class=\"ue_grid_prices\">\n         \n                \n              <\/div>\n\t  \n      <div class=\"uc_post_grid_style_one_button\">\n                                \n              <a class=\"uc_more_btn \" href=\"https:\/\/mcspuronics.com\/es\/product\/hydronex-igen-c-sistema-de-ablandamiento-de-agua-para-toda-la-casa-y-filtro-de-cloramina\/\" href='https:\/\/mcspuronics.com\/es\/product\/hydronex-igen-c-sistema-de-ablandamiento-de-agua-para-toda-la-casa-y-filtro-de-cloramina\/' target=\"_self\">\n               <div class=\"ue-inner-btn-wrapper\">\n                <span><i class=''><\/i><\/span><span>Ver producto<\/span>\n               <\/div>\n              <\/a>          \n        \n        \n              <\/div>\n    <\/div> \n  <\/div>\n\n    \t\n\n<\/div>\n\n          \n\t\t<\/div>\n<\/div>\n\n\n\n  <div id=\"uc_woocommerce_product_grid_elementor_a4b7e6c_empty_message\" class=\"ue-no-posts-found\"  style=\"display:none\" >No products found<\/div>\n\n\n<!-- end Woo Product Grid -->\t\t\t\t<\/div>\n\t\t\t\t<\/div>\n\t\t\t\t\t<\/div>\n\t\t<\/div>\n\t\t\t\t\t<\/div>\n\t\t<\/section>\n\t\t\t\t<section class=\"elementor-section elementor-top-section elementor-element elementor-element-15f5e9d elementor-section-boxed elementor-section-height-default elementor-section-height-default\" data-id=\"15f5e9d\" data-element_type=\"section\" data-e-type=\"section\">\n\t\t\t\t\t\t<div class=\"elementor-container elementor-column-gap-default\">\n\t\t\t\t\t<div class=\"elementor-column elementor-col-100 elementor-top-column elementor-element elementor-element-9ef8a6b\" data-id=\"9ef8a6b\" data-element_type=\"column\" data-e-type=\"column\">\n\t\t\t<div class=\"elementor-widget-wrap elementor-element-populated\">\n\t\t\t\t\t\t<div class=\"elementor-element elementor-element-39b2de6 elementor-widget elementor-widget-image\" data-id=\"39b2de6\" data-element_type=\"widget\" data-e-type=\"widget\" data-settings=\"{&quot;ekit_we_effect_on&quot;:&quot;none&quot;}\" data-widget_type=\"image.default\">\n\t\t\t\t<div class=\"elementor-widget-container\">\n\t\t\t\t\t\t\t\t\t\t\t\t\t\t\t<img loading=\"lazy\" decoding=\"async\" width=\"319\" height=\"237\" src=\"https:\/\/mcspuronics.com\/wp-content\/uploads\/usaflag.jpg\" class=\"attachment-medium_large size-medium_large wp-image-3386\" alt=\"\" srcset=\"https:\/\/mcspuronics.com\/wp-content\/uploads\/usaflag.jpg 319w, https:\/\/mcspuronics.com\/wp-content\/uploads\/usaflag-300x223.jpg 300w\" sizes=\"(max-width: 319px) 100vw, 319px\" \/>\t\t\t\t\t\t\t\t\t\t\t\t\t\t\t<\/div>\n\t\t\t\t<\/div>\n\t\t\t\t<div class=\"elementor-element elementor-element-22cea16 elementor-widget elementor-widget-heading\" data-id=\"22cea16\" data-element_type=\"widget\" data-e-type=\"widget\" data-settings=\"{&quot;ekit_we_effect_on&quot;:&quot;none&quot;}\" data-widget_type=\"heading.default\">\n\t\t\t\t<div class=\"elementor-widget-container\">\n\t\t\t\t\t<div class=\"elementor-heading-title elementor-size-default\">Dise\u00f1ado y ensamblado con orgullo en USA<\/div>\t\t\t\t<\/div>\n\t\t\t\t<\/div>\n\t\t\t\t\t<\/div>\n\t\t<\/div>\n\t\t\t\t\t<\/div>\n\t\t<\/section>\n\t\t\t\t<\/div>\n\t\t","protected":false},"excerpt":{"rendered":"<p>Transforme el agua de su hogar con los sistemas de suavizadores de agua Puronics\u00ae Disfrute de agua fresca y pura en toda su casa, ya que nuestras avanzadas soluciones de suavizaci\u00f3n abordan problemas comunes como la dureza, las manchas, el desagradable sabor y olor a cloro, adem\u00e1s de dejar su piel y cabello con una [&hellip;]<\/p>\n","protected":false},"author":1,"featured_media":0,"parent":0,"menu_order":3,"comment_status":"closed","ping_status":"closed","template":"","meta":{"footnotes":""},"class_list":["post-3374","page","type-page","status-publish","hentry"],"_links":{"self":[{"href":"https:\/\/mcspuronics.com\/es\/wp-json\/wp\/v2\/pages\/3374","targetHints":{"allow":["GET"]}}],"collection":[{"href":"https:\/\/mcspuronics.com\/es\/wp-json\/wp\/v2\/pages"}],"about":[{"href":"https:\/\/mcspuronics.com\/es\/wp-json\/wp\/v2\/types\/page"}],"author":[{"embeddable":true,"href":"https:\/\/mcspuronics.com\/es\/wp-json\/wp\/v2\/users\/1"}],"replies":[{"embeddable":true,"href":"https:\/\/mcspuronics.com\/es\/wp-json\/wp\/v2\/comments?post=3374"}],"version-history":[{"count":5,"href":"https:\/\/mcspuronics.com\/es\/wp-json\/wp\/v2\/pages\/3374\/revisions"}],"predecessor-version":[{"id":3916,"href":"https:\/\/mcspuronics.com\/es\/wp-json\/wp\/v2\/pages\/3374\/revisions\/3916"}],"wp:attachment":[{"href":"https:\/\/mcspuronics.com\/es\/wp-json\/wp\/v2\/media?parent=3374"}],"curies":[{"name":"wp","href":"https:\/\/api.w.org\/{rel}","templated":true}]}}