{"id":3408,"date":"2024-08-15T21:01:11","date_gmt":"2024-08-16T04:01:11","guid":{"rendered":"https:\/\/mcspuronics.com\/?page_id=3408"},"modified":"2026-02-25T20:37:02","modified_gmt":"2026-02-26T04:37:02","slug":"sobre-nosotros","status":"publish","type":"page","link":"https:\/\/mcspuronics.com\/es\/sobre-nosotros\/","title":{"rendered":"Sobre nosotros"},"content":{"rendered":"\t\t<div data-elementor-type=\"wp-page\" data-elementor-id=\"3408\" class=\"elementor elementor-3408 elementor-201\" data-elementor-post-type=\"page\">\n\t\t\t\t\t\t<section class=\"elementor-section elementor-top-section elementor-element elementor-element-9f0f3ce elementor-section-stretched elementor-section-boxed elementor-section-height-default elementor-section-height-default\" data-id=\"9f0f3ce\" data-element_type=\"section\" data-e-type=\"section\" data-settings=\"{&quot;background_background&quot;:&quot;classic&quot;,&quot;stretch_section&quot;:&quot;section-stretched&quot;}\">\n\t\t\t\t\t\t<div class=\"elementor-container elementor-column-gap-default\">\n\t\t\t\t\t<div class=\"elementor-column elementor-col-100 elementor-top-column elementor-element elementor-element-70500be\" data-id=\"70500be\" data-element_type=\"column\" data-e-type=\"column\">\n\t\t\t<div class=\"elementor-widget-wrap elementor-element-populated\">\n\t\t\t\t\t\t\t<\/div>\n\t\t<\/div>\n\t\t\t\t\t<\/div>\n\t\t<\/section>\n\t\t\t\t<section class=\"elementor-section elementor-top-section elementor-element elementor-element-a5a1368 elementor-section-boxed elementor-section-height-default elementor-section-height-default\" data-id=\"a5a1368\" data-element_type=\"section\" data-e-type=\"section\">\n\t\t\t\t\t\t<div class=\"elementor-container elementor-column-gap-default\">\n\t\t\t\t\t<div class=\"elementor-column elementor-col-100 elementor-top-column elementor-element elementor-element-7de2df1\" data-id=\"7de2df1\" data-element_type=\"column\" data-e-type=\"column\">\n\t\t\t<div class=\"elementor-widget-wrap elementor-element-populated\">\n\t\t\t\t\t\t<div class=\"elementor-element elementor-element-2f13503 elementor-widget elementor-widget-heading\" data-id=\"2f13503\" data-element_type=\"widget\" data-e-type=\"widget\" data-settings=\"{&quot;ekit_we_effect_on&quot;:&quot;none&quot;}\" data-widget_type=\"heading.default\">\n\t\t\t\t<div class=\"elementor-widget-container\">\n\t\t\t\t\t<h1 class=\"elementor-heading-title elementor-size-default\">MCS Water Technology <br>Su Socio de Confianza para Soluciones H\u00eddricas Integrales Desde 1987<\/h1>\t\t\t\t<\/div>\n\t\t\t\t<\/div>\n\t\t\t\t<section class=\"elementor-section elementor-inner-section elementor-element elementor-element-cdfeb56 elementor-section-boxed elementor-section-height-default elementor-section-height-default\" data-id=\"cdfeb56\" data-element_type=\"section\" data-e-type=\"section\">\n\t\t\t\t\t\t<div class=\"elementor-container elementor-column-gap-default\">\n\t\t\t\t\t<div class=\"elementor-column elementor-col-50 elementor-inner-column elementor-element elementor-element-a1772ee\" data-id=\"a1772ee\" data-element_type=\"column\" data-e-type=\"column\">\n\t\t\t<div class=\"elementor-widget-wrap elementor-element-populated\">\n\t\t\t\t\t\t<div class=\"elementor-element elementor-element-f559c99 elementor-widget elementor-widget-text-editor\" data-id=\"f559c99\" data-element_type=\"widget\" data-e-type=\"widget\" data-settings=\"{&quot;ekit_we_effect_on&quot;:&quot;none&quot;}\" data-widget_type=\"text-editor.default\">\n\t\t\t\t<div class=\"elementor-widget-container\">\n\t\t\t\t\t\t\t\t\t<p>Fundada en 1987, MCS Water Technology ha establecido una s\u00f3lida reputaci\u00f3n como el proveedor l\u00edder de soluciones h\u00eddricas en Los \u00c1ngeles y sus \u00e1reas circunvecinas. Con m\u00e1s de tres d\u00e9cadas de experiencia en la industria, nos especializamos en sistemas de gesti\u00f3n de agua innovadores y sostenibles que atienden las diversas necesidades de nuestros clientes.<\/p><p>En MCS Water Technology, ofrecemos soluciones llave en mano que van desde sistemas de agua potable a peque\u00f1a escala hasta extensos proyectos de abastecimiento de agua. Ya sea que sea propietario de una vivienda que busca un sistema de agua potable confiable o una gran organizaci\u00f3n que necesita una infraestructura robusta de suministro de agua, tenemos la experiencia y los recursos para cumplir con sus requisitos.<\/p><p>Nuestro compromiso con la calidad y la seguridad se demuestra con nuestro estatus como contratista licenciado y con seguro completo en California. Esta certificaci\u00f3n no solo refleja nuestra adhesi\u00f3n a los m\u00e1s altos est\u00e1ndares de la industria, sino que tambi\u00e9n brinda a nuestros clientes la tranquilidad de trabajar con un socio confiable y de buena reputaci\u00f3n.<\/p><p>El servicio al cliente y el soporte est\u00e1n en el coraz\u00f3n de nuestras operaciones. Nuestro equipo experto se dedica a comprender sus necesidades \u00fanicas y proporcionar soluciones personalizadas que se alineen con su presupuesto y cronograma. Creemos que la comunicaci\u00f3n efectiva y la colaboraci\u00f3n son esenciales para el \u00e9xito de los proyectos, y nos esforzamos por fomentar relaciones duraderas con nuestros clientes.<\/p><p>Como l\u00edderes en tecnolog\u00eda del agua, invertimos continuamente en los \u00faltimos avances e innovaciones en el campo. Nuestro objetivo es ofrecer soluciones h\u00eddricas eficientes, sostenibles y rentables que no solo aborden los desaf\u00edos actuales, sino que tambi\u00e9n anticipen las demandas futuras.<\/p><p>Elija MCS Water Technology para sus necesidades de soluciones h\u00eddricas y experimente la diferencia de asociarse con expertos experimentados en la industria. Juntos, podemos crear soluciones que garanticen el acceso a agua limpia y confiable para todos.<\/p>\t\t\t\t\t\t\t\t<\/div>\n\t\t\t\t<\/div>\n\t\t\t\t\t<\/div>\n\t\t<\/div>\n\t\t\t\t<div class=\"elementor-column elementor-col-50 elementor-inner-column elementor-element elementor-element-300805b\" data-id=\"300805b\" data-element_type=\"column\" data-e-type=\"column\">\n\t\t\t<div class=\"elementor-widget-wrap elementor-element-populated\">\n\t\t\t\t\t\t<div class=\"elementor-element elementor-element-c4e261f elementor-widget elementor-widget-image\" data-id=\"c4e261f\" data-element_type=\"widget\" data-e-type=\"widget\" data-settings=\"{&quot;ekit_we_effect_on&quot;:&quot;none&quot;}\" data-widget_type=\"image.default\">\n\t\t\t\t<div class=\"elementor-widget-container\">\n\t\t\t\t\t\t\t\t\t\t\t\t\t\t\t<img fetchpriority=\"high\" decoding=\"async\" width=\"800\" height=\"800\" src=\"https:\/\/mcspuronics.com\/wp-content\/uploads\/drinking-water-rev-1000px.jpg\" class=\"attachment-large size-large wp-image-679\" alt=\"\" srcset=\"https:\/\/mcspuronics.com\/wp-content\/uploads\/drinking-water-rev-1000px.jpg 1000w, https:\/\/mcspuronics.com\/wp-content\/uploads\/drinking-water-rev-1000px-300x300.jpg 300w, https:\/\/mcspuronics.com\/wp-content\/uploads\/drinking-water-rev-1000px-100x100.jpg 100w, https:\/\/mcspuronics.com\/wp-content\/uploads\/drinking-water-rev-1000px-600x600.jpg 600w, https:\/\/mcspuronics.com\/wp-content\/uploads\/drinking-water-rev-1000px-900x900.jpg 900w, https:\/\/mcspuronics.com\/wp-content\/uploads\/drinking-water-rev-1000px-768x768.jpg 768w\" sizes=\"(max-width: 800px) 100vw, 800px\" \/>\t\t\t\t\t\t\t\t\t\t\t\t\t\t\t<\/div>\n\t\t\t\t<\/div>\n\t\t\t\t\t<\/div>\n\t\t<\/div>\n\t\t\t\t\t<\/div>\n\t\t<\/section>\n\t\t\t\t\t<\/div>\n\t\t<\/div>\n\t\t\t\t\t<\/div>\n\t\t<\/section>\n\t\t\t\t<section class=\"elementor-section elementor-top-section elementor-element elementor-element-308e2dc elementor-section-boxed elementor-section-height-default elementor-section-height-default\" data-id=\"308e2dc\" data-element_type=\"section\" data-e-type=\"section\" id=\"aboutShowroom\">\n\t\t\t\t\t\t<div class=\"elementor-container elementor-column-gap-default\">\n\t\t\t\t\t<div class=\"elementor-column elementor-col-100 elementor-top-column elementor-element elementor-element-7eb56fe\" data-id=\"7eb56fe\" data-element_type=\"column\" data-e-type=\"column\">\n\t\t\t<div class=\"elementor-widget-wrap elementor-element-populated\">\n\t\t\t\t\t\t<div class=\"elementor-element elementor-element-8a4da9a elementor-widget elementor-widget-ucaddon_uc_tiles_columns_image\" data-id=\"8a4da9a\" data-element_type=\"widget\" data-e-type=\"widget\" data-settings=\"{&quot;ekit_we_effect_on&quot;:&quot;none&quot;}\" data-widget_type=\"ucaddon_uc_tiles_columns_image.default\">\n\t\t\t\t<div class=\"elementor-widget-container\">\n\t\t\t\t\t\n<!-- start Masonry Gallery -->\n\t\t<link id='unitegallery-css' href='https:\/\/mcspuronics.com\/wp-content\/plugins\/unlimited-elements-for-elementor-premium\/assets_libraries\/unitegallery\/css\/unite-gallery.css' type='text\/css' rel='stylesheet' >\n\t\t<link id='uc_ac_assets_file_uc_columns_unite_gallery_css_37416-css' href='https:\/\/mcspuronics.com\/wp-content\/uploads\/ac_assets\/uc_tiles_columns_image\/uc-columns-unite-gallery.css' type='text\/css' rel='stylesheet' >\n\n<style>\/* widget: Masonry Gallery *\/\n\n\n#wrapperuc_uc_tiles_columns_image_elementor_8a4da9a\n{\n  min-height:1px;\n}\n\n<\/style>\n\n<div id=\"wrapperuc_uc_tiles_columns_image_elementor_8a4da9a\">\n<div id=\"uc_uc_tiles_columns_image_elementor_8a4da9a\" style=\"display:none;\" class=\"uc-items-wrapper\" data-custom-sethtml=\"true\" >\n\n\n<img decoding=\"async\" alt=\"show room-1\"\n   src=\"https:\/\/mcspuronics.com\/wp-content\/uploads\/show-room-1-768x431.jpg\"\n    data-image=\"https:\/\/mcspuronics.com\/wp-content\/uploads\/show-room-1.jpg\"\n    data-title=\"show room-1\">\n\n<img decoding=\"async\" alt=\"show room-3\"\n   src=\"https:\/\/mcspuronics.com\/wp-content\/uploads\/show-room-3-768x576.jpg\"\n    data-image=\"https:\/\/mcspuronics.com\/wp-content\/uploads\/show-room-3-1924x1443.jpg\"\n    data-title=\"show room-3\">\n\n<img decoding=\"async\" alt=\"show room-5\"\n   src=\"https:\/\/mcspuronics.com\/wp-content\/uploads\/show-room-5-768x576.jpg\"\n    data-image=\"https:\/\/mcspuronics.com\/wp-content\/uploads\/show-room-5-1924x1443.jpg\"\n    data-title=\"show room-5\">\n\n  \n<\/div>\n<\/div>\n<!-- end Masonry Gallery -->\t\t\t\t<\/div>\n\t\t\t\t<\/div>\n\t\t\t\t\t<\/div>\n\t\t<\/div>\n\t\t\t\t\t<\/div>\n\t\t<\/section>\n\t\t\t\t<\/div>\n\t\t","protected":false},"excerpt":{"rendered":"<p>MCS Water Technology Su Socio de Confianza para Soluciones H\u00eddricas Integrales Desde 1987 Fundada en 1987, MCS Water Technology ha establecido una s\u00f3lida reputaci\u00f3n como el proveedor l\u00edder de soluciones h\u00eddricas en Los \u00c1ngeles y sus \u00e1reas circunvecinas. Con m\u00e1s de tres d\u00e9cadas de experiencia en la industria, nos especializamos en sistemas de gesti\u00f3n de [&hellip;]<\/p>\n","protected":false},"author":1,"featured_media":0,"parent":0,"menu_order":7,"comment_status":"closed","ping_status":"closed","template":"","meta":{"footnotes":""},"class_list":["post-3408","page","type-page","status-publish","hentry"],"_links":{"self":[{"href":"https:\/\/mcspuronics.com\/es\/wp-json\/wp\/v2\/pages\/3408","targetHints":{"allow":["GET"]}}],"collection":[{"href":"https:\/\/mcspuronics.com\/es\/wp-json\/wp\/v2\/pages"}],"about":[{"href":"https:\/\/mcspuronics.com\/es\/wp-json\/wp\/v2\/types\/page"}],"author":[{"embeddable":true,"href":"https:\/\/mcspuronics.com\/es\/wp-json\/wp\/v2\/users\/1"}],"replies":[{"embeddable":true,"href":"https:\/\/mcspuronics.com\/es\/wp-json\/wp\/v2\/comments?post=3408"}],"version-history":[{"count":4,"href":"https:\/\/mcspuronics.com\/es\/wp-json\/wp\/v2\/pages\/3408\/revisions"}],"predecessor-version":[{"id":3413,"href":"https:\/\/mcspuronics.com\/es\/wp-json\/wp\/v2\/pages\/3408\/revisions\/3413"}],"wp:attachment":[{"href":"https:\/\/mcspuronics.com\/es\/wp-json\/wp\/v2\/media?parent=3408"}],"curies":[{"name":"wp","href":"https:\/\/api.w.org\/{rel}","templated":true}]}}