{"id":3527,"date":"2023-07-12T03:11:49","date_gmt":"2023-07-12T10:11:49","guid":{"rendered":"https:\/\/mcspuronics.com\/?page_id=3527"},"modified":"2026-02-27T14:16:38","modified_gmt":"2026-02-27T22:16:38","slug":"terminos-y-condiciones","status":"publish","type":"page","link":"https:\/\/mcspuronics.com\/es\/terminos-y-condiciones\/","title":{"rendered":"T\u00e9rminos y Condiciones"},"content":{"rendered":"\t\t<div data-elementor-type=\"wp-page\" data-elementor-id=\"3527\" class=\"elementor elementor-3527 elementor-14\" data-elementor-post-type=\"page\">\n\t\t\t\t\t\t<section class=\"elementor-section elementor-top-section elementor-element elementor-element-18380ad8 elementor-section-stretched elementor-section-boxed elementor-section-height-default elementor-section-height-default\" data-id=\"18380ad8\" data-element_type=\"section\" data-e-type=\"section\" data-settings=\"{&quot;background_background&quot;:&quot;classic&quot;,&quot;stretch_section&quot;:&quot;section-stretched&quot;}\">\n\t\t\t\t\t\t<div class=\"elementor-container elementor-column-gap-default\">\n\t\t\t\t\t<div class=\"elementor-column elementor-col-100 elementor-top-column elementor-element elementor-element-354555f\" data-id=\"354555f\" data-element_type=\"column\" data-e-type=\"column\">\n\t\t\t<div class=\"elementor-widget-wrap elementor-element-populated\">\n\t\t\t\t\t\t\t<\/div>\n\t\t<\/div>\n\t\t\t\t\t<\/div>\n\t\t<\/section>\n\t\t\t\t<section class=\"elementor-section elementor-top-section elementor-element elementor-element-15a1d5c6 elementor-section-boxed elementor-section-height-default elementor-section-height-default\" data-id=\"15a1d5c6\" data-element_type=\"section\" data-e-type=\"section\">\n\t\t\t\t\t\t<div class=\"elementor-container elementor-column-gap-default\">\n\t\t\t\t\t<div class=\"elementor-column elementor-col-100 elementor-top-column elementor-element elementor-element-4619980d\" data-id=\"4619980d\" data-element_type=\"column\" data-e-type=\"column\">\n\t\t\t<div class=\"elementor-widget-wrap elementor-element-populated\">\n\t\t\t\t\t\t<div class=\"elementor-element elementor-element-fd45f62 elementor-widget elementor-widget-heading\" data-id=\"fd45f62\" data-element_type=\"widget\" data-e-type=\"widget\" data-settings=\"{&quot;ekit_we_effect_on&quot;:&quot;none&quot;}\" data-widget_type=\"heading.default\">\n\t\t\t\t<div class=\"elementor-widget-container\">\n\t\t\t\t\t<h4 class=\"elementor-heading-title elementor-size-default\">T\u00e9rminos y Condiciones<\/h4>\t\t\t\t<\/div>\n\t\t\t\t<\/div>\n\t\t\t\t<div class=\"elementor-element elementor-element-2f266ec4 elementor-widget__width-initial elementor-widget elementor-widget-text-editor\" data-id=\"2f266ec4\" data-element_type=\"widget\" data-e-type=\"widget\" data-settings=\"{&quot;ekit_we_effect_on&quot;:&quot;none&quot;}\" data-widget_type=\"text-editor.default\">\n\t\t\t\t<div class=\"elementor-widget-container\">\n\t\t\t\t\t\t\t\t\t<p>Bienvenido al sitio web de MCS Water Technology, mcswater.com. Al acceder o utilizar nuestro sitio web, usted acepta cumplir y quedar vinculado por los siguientes t\u00e9rminos y condiciones. Por favor, rev\u00edselos detenidamente.<\/p><p><strong>1. Introducci\u00f3n<\/strong><br \/>Estos T\u00e9rminos y Condiciones rigen el uso de nuestro sitio web y la compra de productos y servicios de MCS Water Technology, incluyendo ventas en l\u00ednea, instalaci\u00f3n de sistemas de agua y servicios de sistemas de agua.<\/p><p><strong>2. Aceptaci\u00f3n de los T\u00e9rminos<\/strong><br \/>Al utilizar nuestro sitio web, usted acepta estos T\u00e9rminos y Condiciones. Si no est\u00e1 de acuerdo, por favor no utilice nuestro sitio web.<\/p><p><strong>3. Cambios en los T\u00e9rminos<\/strong><br \/>MCS Water Technology se reserva el derecho de modificar estos T\u00e9rminos y Condiciones en cualquier momento. Cualquier cambio entrar\u00e1 en vigor inmediatamente despu\u00e9s de su publicaci\u00f3n en nuestro sitio web. El uso continuado del sitio web constituye su aceptaci\u00f3n de los t\u00e9rminos revisados.<\/p><p><strong>4. Productos y Servicios<\/strong><\/p><p>\u00b7 Ventas en L\u00ednea: Todas las ventas realizadas a trav\u00e9s de nuestro sitio web est\u00e1n sujetas a la disponibilidad del producto. Nos reservamos el derecho de limitar la cantidad de productos que suministramos, suministrar solo una parte de un pedido o dividir los pedidos.<br \/>\u00b7 Instalaci\u00f3n de Sistemas de Agua: Los servicios de instalaci\u00f3n son proporcionados por nuestros t\u00e9cnicos certificados. Garantizamos que todas las instalaciones cumplen con las regulaciones y est\u00e1ndares locales.<br \/>\u00b7 Servicios de Sistemas de Agua: Nuestros servicios incluyen mantenimiento, reparaci\u00f3n y consultor\u00eda para sistemas de agua. Los t\u00e9rminos del servicio se detallar\u00e1n en los acuerdos de servicio individuales.<\/p><p><strong>5. Precios y Pago<\/strong><br \/>Todos los precios indicados en nuestro sitio web est\u00e1n en USD y est\u00e1n sujetos a cambios sin previo aviso. El pago debe realizarse en el momento de la compra. Aceptamos las principales tarjetas de cr\u00e9dito y otros m\u00e9todos de pago indicados en nuestro sitio web.<\/p><p><strong>6. Env\u00edo y Entrega<\/strong><br \/>Nuestro objetivo es procesar y enviar los pedidos con prontitud. Los tiempos de entrega pueden variar seg\u00fan la ubicaci\u00f3n y la disponibilidad del producto. MCS Water Technology no se responsabiliza por los retrasos causados por las empresas de env\u00edo o circunstancias imprevistas.<\/p><p><strong>7. Devoluciones y Reembolsos<\/strong><br \/>Ofrecemos una pol\u00edtica de devoluci\u00f3n para productos defectuosos o da\u00f1ados. Por favor, p\u00f3ngase en contacto con nuestro servicio al cliente dentro de los 30 d\u00edas posteriores a la recepci\u00f3n de su pedido para iniciar una devoluci\u00f3n. Los reembolsos se procesar\u00e1n una vez que se reciba e inspeccione el producto devuelto.<\/p><p><strong>8. Garant\u00eda<\/strong><br \/>Nuestros productos vienen con una garant\u00eda del fabricante. Los detalles de la garant\u00eda se proporcionar\u00e1n con el producto. Para reclamos de garant\u00eda, por favor p\u00f3ngase en contacto con nuestro servicio al cliente.<\/p><p><strong>9. Limitaci\u00f3n de Responsabilidad<\/strong><br \/>MCS Water Technology no se responsabiliza por da\u00f1os indirectos, incidentales o consecuentes que surjan del uso de nuestros productos o servicios. Nuestra responsabilidad total se limita al monto pagado por el producto o servicio.<\/p><p><strong>10. Pol\u00edtica de Privacidad<\/strong><br \/>Su privacidad es importante para nosotros. Por favor, revise nuestra Pol\u00edtica de Privacidad, que explica c\u00f3mo recopilamos, usamos y protegemos su informaci\u00f3n personal.<\/p><p><strong>11. Ley Aplicable<\/strong><br \/>Estos T\u00e9rminos y Condiciones se rigen por las leyes del Estado de California. Cualquier disputa que surja de estos t\u00e9rminos se resolver\u00e1 en los tribunales de California.<\/p><p><strong>12. Informaci\u00f3n de Contacto<\/strong><br \/>Si tiene alguna pregunta o inquietud sobre estos T\u00e9rminos y Condiciones, por favor cont\u00e1ctenos en:<\/p><p>MCS Water Technology<br \/>421 E Valley Blvd, San Gabriel, CA 91776<br \/>Tel\u00e9fono: (626) 288-4833<br \/>Correo electr\u00f3nico: info@mcswater.com<\/p>\t\t\t\t\t\t\t\t<\/div>\n\t\t\t\t<\/div>\n\t\t\t\t\t<\/div>\n\t\t<\/div>\n\t\t\t\t\t<\/div>\n\t\t<\/section>\n\t\t\t\t<\/div>\n\t\t","protected":false},"excerpt":{"rendered":"<p>T\u00e9rminos y Condiciones Bienvenido al sitio web de MCS Water Technology, mcswater.com. Al acceder o utilizar nuestro sitio web, usted acepta cumplir y quedar vinculado por los siguientes t\u00e9rminos y condiciones. Por favor, rev\u00edselos detenidamente. 1. Introducci\u00f3nEstos T\u00e9rminos y Condiciones rigen el uso de nuestro sitio web y la compra de productos y servicios de [&hellip;]<\/p>\n","protected":false},"author":1,"featured_media":0,"parent":0,"menu_order":13,"comment_status":"closed","ping_status":"closed","template":"","meta":{"footnotes":""},"class_list":["post-3527","page","type-page","status-publish","hentry"],"_links":{"self":[{"href":"https:\/\/mcspuronics.com\/es\/wp-json\/wp\/v2\/pages\/3527","targetHints":{"allow":["GET"]}}],"collection":[{"href":"https:\/\/mcspuronics.com\/es\/wp-json\/wp\/v2\/pages"}],"about":[{"href":"https:\/\/mcspuronics.com\/es\/wp-json\/wp\/v2\/types\/page"}],"author":[{"embeddable":true,"href":"https:\/\/mcspuronics.com\/es\/wp-json\/wp\/v2\/users\/1"}],"replies":[{"embeddable":true,"href":"https:\/\/mcspuronics.com\/es\/wp-json\/wp\/v2\/comments?post=3527"}],"version-history":[{"count":4,"href":"https:\/\/mcspuronics.com\/es\/wp-json\/wp\/v2\/pages\/3527\/revisions"}],"predecessor-version":[{"id":3531,"href":"https:\/\/mcspuronics.com\/es\/wp-json\/wp\/v2\/pages\/3527\/revisions\/3531"}],"wp:attachment":[{"href":"https:\/\/mcspuronics.com\/es\/wp-json\/wp\/v2\/media?parent=3527"}],"curies":[{"name":"wp","href":"https:\/\/api.w.org\/{rel}","templated":true}]}}