{"id":3532,"date":"2024-08-18T18:55:19","date_gmt":"2024-08-19T01:55:19","guid":{"rendered":"https:\/\/mcspuronics.com\/?page_id=3532"},"modified":"2026-04-17T11:08:41","modified_gmt":"2026-04-17T18:08:41","slug":"sistemas-de-agua-potable","status":"publish","type":"page","link":"https:\/\/mcspuronics.com\/es\/sistemas-de-agua-potable\/","title":{"rendered":"Sistemas de agua potable"},"content":{"rendered":"\t\t<div data-elementor-type=\"wp-page\" data-elementor-id=\"3532\" class=\"elementor elementor-3532 elementor-584\" data-elementor-post-type=\"page\">\n\t\t\t\t\t\t<section class=\"elementor-section elementor-top-section elementor-element elementor-element-5018f71c elementor-section-stretched elementor-section-boxed elementor-section-height-default elementor-section-height-default\" data-id=\"5018f71c\" data-element_type=\"section\" data-e-type=\"section\" data-settings=\"{&quot;background_background&quot;:&quot;classic&quot;,&quot;stretch_section&quot;:&quot;section-stretched&quot;}\">\n\t\t\t\t\t\t<div class=\"elementor-container elementor-column-gap-default\">\n\t\t\t\t\t<div class=\"elementor-column elementor-col-100 elementor-top-column elementor-element elementor-element-4a04eb27\" data-id=\"4a04eb27\" data-element_type=\"column\" data-e-type=\"column\">\n\t\t\t<div class=\"elementor-widget-wrap elementor-element-populated\">\n\t\t\t\t\t\t<div class=\"elementor-element elementor-element-2ea8cefa elementor-widget__width-initial elementor-widget elementor-widget-heading\" data-id=\"2ea8cefa\" data-element_type=\"widget\" data-e-type=\"widget\" data-settings=\"{&quot;ekit_we_effect_on&quot;:&quot;none&quot;}\" data-widget_type=\"heading.default\">\n\t\t\t\t<div class=\"elementor-widget-container\">\n\t\t\t\t\t<h1 class=\"elementor-heading-title elementor-size-default\">Drinking Water Systems<\/h1>\t\t\t\t<\/div>\n\t\t\t\t<\/div>\n\t\t\t\t\t<\/div>\n\t\t<\/div>\n\t\t\t\t\t<\/div>\n\t\t<\/section>\n\t\t\t\t<section class=\"elementor-section elementor-top-section elementor-element elementor-element-d11335b elementor-section-boxed elementor-section-height-default elementor-section-height-default\" data-id=\"d11335b\" data-element_type=\"section\" data-e-type=\"section\">\n\t\t\t\t\t\t<div class=\"elementor-container elementor-column-gap-default\">\n\t\t\t\t\t<div class=\"elementor-column elementor-col-100 elementor-top-column elementor-element elementor-element-bfcf5e8\" data-id=\"bfcf5e8\" data-element_type=\"column\" data-e-type=\"column\">\n\t\t\t<div class=\"elementor-widget-wrap elementor-element-populated\">\n\t\t\t\t\t\t<div class=\"elementor-element elementor-element-88c3620 elementor-widget elementor-widget-heading\" data-id=\"88c3620\" data-element_type=\"widget\" data-e-type=\"widget\" data-settings=\"{&quot;ekit_we_effect_on&quot;:&quot;none&quot;}\" data-widget_type=\"heading.default\">\n\t\t\t\t<div class=\"elementor-widget-container\">\n\t\t\t\t\t<h2 class=\"elementor-heading-title elementor-size-default\">Sistemas de \u00d3smosis Inversa para Agua Potable<\/h2>\t\t\t\t<\/div>\n\t\t\t\t<\/div>\n\t\t\t\t<div class=\"elementor-element elementor-element-0b57358 elementor-widget elementor-widget-text-editor\" data-id=\"0b57358\" data-element_type=\"widget\" data-e-type=\"widget\" data-settings=\"{&quot;ekit_we_effect_on&quot;:&quot;none&quot;}\" data-widget_type=\"text-editor.default\">\n\t\t\t\t<div class=\"elementor-widget-container\">\n\t\t\t\t\t\t\t\t\t<p>Los sistemas de filtraci\u00f3n de agua potable de Puronics\u00ae utilizan la \u00d3smosis Inversa (OI) para producir agua de la m\u00e1s alta calidad para todas las necesidades de agua potable y preparaci\u00f3n de alimentos de su familia, eliminando la necesidad de comprar agua embotellada.<\/p>\t\t\t\t\t\t\t\t<\/div>\n\t\t\t\t<\/div>\n\t\t\t\t\t<\/div>\n\t\t<\/div>\n\t\t\t\t\t<\/div>\n\t\t<\/section>\n\t\t\t\t<section class=\"elementor-section elementor-top-section elementor-element elementor-element-b7f33bf elementor-section-boxed elementor-section-height-default elementor-section-height-default\" data-id=\"b7f33bf\" data-element_type=\"section\" data-e-type=\"section\">\n\t\t\t\t\t\t<div class=\"elementor-container elementor-column-gap-default\">\n\t\t\t\t\t<div class=\"elementor-column elementor-col-50 elementor-top-column elementor-element elementor-element-21a72f3\" data-id=\"21a72f3\" data-element_type=\"column\" data-e-type=\"column\">\n\t\t\t<div class=\"elementor-widget-wrap elementor-element-populated\">\n\t\t\t\t\t\t<div class=\"elementor-element elementor-element-5efc129 elementor-widget elementor-widget-heading\" data-id=\"5efc129\" data-element_type=\"widget\" data-e-type=\"widget\" data-settings=\"{&quot;ekit_we_effect_on&quot;:&quot;none&quot;}\" data-widget_type=\"heading.default\">\n\t\t\t\t<div class=\"elementor-widget-container\">\n\t\t\t\t\t<h4 class=\"elementor-heading-title elementor-size-default\">\u00bfQu\u00e9 es un Sistema de \u00d3smosis Inversa y un Suavizador de Agua?<\/h4>\t\t\t\t<\/div>\n\t\t\t\t<\/div>\n\t\t\t\t<div class=\"elementor-element elementor-element-0f02879 elementor-widget elementor-widget-text-editor\" data-id=\"0f02879\" data-element_type=\"widget\" data-e-type=\"widget\" data-settings=\"{&quot;ekit_we_effect_on&quot;:&quot;none&quot;}\" data-widget_type=\"text-editor.default\">\n\t\t\t\t<div class=\"elementor-widget-container\">\n\t\t\t\t\t\t\t\t\t<p>Los sistemas de \u00f3smosis inversa (OI) filtran el agua y los suavizadores de agua ablandan el agua. Los sistemas de agua por OI filtran el agua a trav\u00e9s de una membrana de \u00f3smosis inversa para eliminar contaminantes y minerales. Los suavizadores de agua utilizan el intercambio i\u00f3nico para reemplazar los minerales que causan la dureza del agua con sodio o potasio, acondicionando as\u00ed el agua y volvi\u00e9ndola suave. Tanto los sistemas de agua potable de Puronics\u00ae como los suavizadores de agua utilizan filtros de carb\u00f3n activado para reducir el mal sabor y los olores causados por el cloro en el agua municipal.<\/p>\t\t\t\t\t\t\t\t<\/div>\n\t\t\t\t<\/div>\n\t\t\t\t\t<\/div>\n\t\t<\/div>\n\t\t\t\t<div class=\"elementor-column elementor-col-50 elementor-top-column elementor-element elementor-element-d195a03\" data-id=\"d195a03\" data-element_type=\"column\" data-e-type=\"column\">\n\t\t\t<div class=\"elementor-widget-wrap elementor-element-populated\">\n\t\t\t\t\t\t<div class=\"elementor-element elementor-element-3360353 elementor-widget elementor-widget-heading\" data-id=\"3360353\" data-element_type=\"widget\" data-e-type=\"widget\" data-settings=\"{&quot;ekit_we_effect_on&quot;:&quot;none&quot;}\" data-widget_type=\"heading.default\">\n\t\t\t\t<div class=\"elementor-widget-container\">\n\t\t\t\t\t<h4 class=\"elementor-heading-title elementor-size-default\">Beneficios de la Filtraci\u00f3n de Agua Potable<\/h4>\t\t\t\t<\/div>\n\t\t\t\t<\/div>\n\t\t\t\t<div class=\"elementor-element elementor-element-83dd13f elementor-widget elementor-widget-text-editor\" data-id=\"83dd13f\" data-element_type=\"widget\" data-e-type=\"widget\" data-settings=\"{&quot;ekit_we_effect_on&quot;:&quot;none&quot;}\" data-widget_type=\"text-editor.default\">\n\t\t\t\t<div class=\"elementor-widget-container\">\n\t\t\t\t\t\t\t\t\t<ul><li>Agua con mejor sabor: Los sistemas de OI filtran los minerales del agua, dej\u00e1ndole un agua con excelente sabor.<\/li><li>Respetuoso con el medio ambiente: Los sistemas de \u00f3smosis inversa no utilizan qu\u00edmicos y son m\u00e1s ecol\u00f3gicos que otros sistemas de filtraci\u00f3n de agua.<\/li><li>Agua cristalina: Si su agua est\u00e1 descolorida o tiene olor, considere usar un sistema de \u00f3smosis inversa para filtrar los contaminantes del agua.<\/li><li>Agua Suavizada: Aunque el sistema de OI no es un acondicionador de agua por intercambio i\u00f3nico, igualmente elimina los minerales del agua dura, produciendo agua suave.<\/li><\/ul>\t\t\t\t\t\t\t\t<\/div>\n\t\t\t\t<\/div>\n\t\t\t\t\t<\/div>\n\t\t<\/div>\n\t\t\t\t\t<\/div>\n\t\t<\/section>\n\t\t\t\t<section class=\"elementor-section elementor-top-section elementor-element elementor-element-a901986 elementor-section-boxed elementor-section-height-default elementor-section-height-default\" data-id=\"a901986\" data-element_type=\"section\" data-e-type=\"section\">\n\t\t\t\t\t\t<div class=\"elementor-container elementor-column-gap-default\">\n\t\t\t\t\t<div class=\"elementor-column elementor-col-100 elementor-top-column elementor-element elementor-element-d2c3af8\" data-id=\"d2c3af8\" data-element_type=\"column\" data-e-type=\"column\">\n\t\t\t<div class=\"elementor-widget-wrap elementor-element-populated\">\n\t\t\t\t\t\t<div class=\"elementor-element elementor-element-44f5562 elementor-widget elementor-widget-heading\" data-id=\"44f5562\" data-element_type=\"widget\" data-e-type=\"widget\" data-settings=\"{&quot;ekit_we_effect_on&quot;:&quot;none&quot;}\" data-widget_type=\"heading.default\">\n\t\t\t\t<div class=\"elementor-widget-container\">\n\t\t\t\t\t<h3 class=\"elementor-heading-title elementor-size-default\">Estilos de sistemas de tratamiento de agua<\/h3>\t\t\t\t<\/div>\n\t\t\t\t<\/div>\n\t\t\t\t<div class=\"elementor-element elementor-element-3e8ea6e elementor-widget elementor-widget-ucaddon_woocommerce_product_grid\" data-id=\"3e8ea6e\" data-element_type=\"widget\" data-e-type=\"widget\" data-settings=\"{&quot;ekit_we_effect_on&quot;:&quot;none&quot;}\" data-widget_type=\"ucaddon_woocommerce_product_grid.default\">\n\t\t\t\t<div class=\"elementor-widget-container\">\n\t\t\t\t\t\n<!-- start Woo Product Grid -->\n\t\t<link id='font-awesome-css' href='https:\/\/mcspuronics.com\/wp-content\/plugins\/unlimited-elements-for-elementor-premium\/assets_libraries\/font-awesome6\/fontawesome-all.min.css' type='text\/css' rel='stylesheet' >\n\t\t<link id='font-awesome-4-shim-css' href='https:\/\/mcspuronics.com\/wp-content\/plugins\/unlimited-elements-for-elementor-premium\/assets_libraries\/font-awesome6\/fontawesome-v4-shims.min.css' type='text\/css' rel='stylesheet' >\n\n<style>\/* widget: Woo Product Grid *\/\n\n\n\n#uc_woocommerce_product_grid_elementor_3e8ea6e * {\n\t-webkit-box-sizing: border-box;\n\t-moz-box-sizing: border-box;\n\tbox-sizing: border-box;\n    \n}\n\n#uc_woocommerce_product_grid_elementor_3e8ea6e .ue_woocommerce_product_label-custom-field{\n\tz-index: 100;\n}\n\n#uc_woocommerce_product_grid_elementor_3e8ea6e .uc_post_grid_style_one_item{\n\ttransition: all.3s;\n}\n\n#uc_woocommerce_product_grid_elementor_3e8ea6e span.add-to-cart__loader{\n  \tposition: absolute;\n  \tright: 0;\n  \ttop: 50%;\n  \ttransform: translate(0, -50%);\n  \tline-height: 1em;\n}\n#uc_woocommerce_product_grid_elementor_3e8ea6e .add_to_cart_button.loading span.add-to-cart__loader{\n\tdisplay: inline-block !important;\n}\n\n#uc_woocommerce_product_grid_elementor_3e8ea6e .uc-grid-count-buttons{\n\tdisplay: flex;\n}\n\n#uc_woocommerce_product_grid_elementor_3e8ea6e .uc-grid-count-buttons button{\n\tdisplay: flex;\n    align-items:center;\n    justify-content:center;\n    flex-grow:0;\n    flex-shrink:0;\n    line-height:1em;\n}\n\n#uc_woocommerce_product_grid_elementor_3e8ea6e .uc-grid-count-buttons button:disabled{\n\topacity:0.5;\n}\n\n#uc_woocommerce_product_grid_elementor_3e8ea6e .uc-grid-count-buttons button svg{\n\theight:1em;\n    width:1em;\n}\n\n#uc_woocommerce_product_grid_elementor_3e8ea6e input.uc-grid-count-buttons__number{\n  text-align:center;\n  flex-grow:1;\n}\n\n\n#uc_woocommerce_product_grid_elementor_3e8ea6e \n{\n  margin:0 auto;\n  position:relative;  \n}\n\n.uc_post_grid_style_one .uc_post_grid_style_one_item {\n\tcolor: #111;\n\tfont-size: 16px;\n\toverflow: hidden;\n  \tposition: relative;\n}\n#uc_woocommerce_product_grid_elementor_3e8ea6e .uc_post_grid_style_one_image {\n\twidth: 100%;\n\toverflow: hidden;\n\tdisplay: block;\n  \tposition: relative;\n}\n#uc_woocommerce_product_grid_elementor_3e8ea6e .uc_post_image {\n    position:relative;\n\tdisplay: block;\n\ttransition: all 0.25s ease-in-out;\n    overflow:hidden;\n}\n\n#uc_woocommerce_product_grid_elementor_3e8ea6e .uc_post_image--second{\n  \twidth: 100%;\n    height: 100%;\n    object-fit: cover;\n\tposition: absolute;\n  \ttop: 0;\n  \tright: 0;\n  \t  \t\t  \t\t\ttransform: translate(100%, 0);\n  \t\t    \n  \t \n  \ttransition: all .3s;\n}\n\n#uc_woocommerce_product_grid_elementor_3e8ea6e .uc_post_grid_style_one_image:hover .uc_post_image--second{  \n  \t\t\ttransform: translate(0, 0);\n  \t}\n\n#uc_woocommerce_product_grid_elementor_3e8ea6e  .uc_post_image img\n{\n  width:100%;\n  display: block;\n  transition:0.3s;\n}\n\n\n\n\n.uc_post_grid_style_one .uc_title {\n    font-size: 21px;\n}\n.uc_post_grid_style_one .uc_title a {\n\ttext-decoration: none;\n}\n\n#uc_woocommerce_product_grid_elementor_3e8ea6e .uc_post_grid_style_one_button > button{\n\twidth: 100%;\n}\n\n#uc_woocommerce_product_grid_elementor_3e8ea6e .uc_post_grid_style_one_button > a,\n#uc_woocommerce_product_grid_elementor_3e8ea6e .uc_post_grid_style_one_button > button,\n#uc_woocommerce_product_grid_elementor_3e8ea6e .uc-button-addcart,\n#uc_woocommerce_product_grid_elementor_3e8ea6e .added_to_cart{\n\tdisplay: block;\n\ttext-align: center;\n    text-decoration: none;\n    text-transform: none;\n\ttransition: all 0.25s ease-in-out;\n    vertical-align: middle;\n}\n\n  #uc_woocommerce_product_grid_elementor_3e8ea6e .uc-button-addcart.added{\n    display:none;\n  }\n\n#uc_woocommerce_product_grid_elementor_3e8ea6e.uc_post_grid_style_one .uc_post_grid_style_one_wrap {\t\n    display: grid;\n}\n\n\n\n\n\n\n\n@media (max-width:1023px){\n\t#uc_woocommerce_product_grid_elementor_3e8ea6e.uc_post_grid_style_one .uc_post_grid_style_one_wrap {\n\t\tgrid-template-columns: repeat(2, 1fr);\n\t}\n}\n@media (max-width:639px){\n\t#uc_woocommerce_product_grid_elementor_3e8ea6e.uc_post_grid_style_one .uc_post_grid_style_one_wrap {\n\t\tgrid-template-columns: repeat(1, 1fr);\n\t}\n}\n\n\n\t#uc_woocommerce_product_grid_elementor_3e8ea6e .uc_post_grid_style_one_item {\n     display:flex;  \n     flex-direction:row;\n    }\n    #uc_woocommerce_product_grid_elementor_3e8ea6e .uc_post_grid_style_one_item > div{\n     width:50%;\n    }\n   \n    #uc_woocommerce_product_grid_elementor_3e8ea6e .uc_content\n    {\n      display:flex;\n      flex-direction:column;\n      justify-content:center;\n    }\n \n\n\n#uc_woocommerce_product_grid_elementor_3e8ea6e .ue_category_label\n{\n  display:block;\n  text-decoration:none;\n}\n\n\/* hide default arrows in input type number *\/\n\/* Chrome, Safari, Edge, Opera *\/\n#uc_woocommerce_product_grid_elementor_3e8ea6e input.uc-grid-count-buttons__number::-webkit-outer-spin-button,\n#uc_woocommerce_product_grid_elementor_3e8ea6e input.uc-grid-count-buttons__number::-webkit-inner-spin-button{\n\t-webkit-appearance: none;\n  \tmargin: 0;\n}\n\n\/* Firefox *\/\n#uc_woocommerce_product_grid_elementor_3e8ea6e input.uc-grid-count-buttons__number[type=number]{\n\t-moz-appearance: textfield;\n}\n\/* end hide default arrows in input type number *\/\n\n.uc_regular_price\n{\n  text-decoration:line-through !important;\n}\n\ndel{\n  display: block;\n  color: #000;\n  opacity: .5;\n  font-size: 26px;\n  font-weight: 400;\n  text-decoration:line-through !important;\n}\n\nins{\n  color: #000;\n  font-size: 36px;\n  font-weight: 400;\n  text-decoration: none;\n}\n\n#uc_woocommerce_product_grid_elementor_3e8ea6e .ue_woocommerce_product_carousel_sale_label\n{\n  display:inline-block;\n  position:absolute;\n  z-index: 1;\n  left:10px;\n  top:10px;\n}\n\n#uc_woocommerce_product_grid_elementor_3e8ea6e .ue_woocommerce_product_grid_out_of_stock_label{\n  \t    position: absolute;\n  \t  \twidth: fit-content;\n  \tleft:10px;\n  \ttop:10px;\n  \tz-index: 1;\n}\n\n#uc_woocommerce_product_grid_elementor_3e8ea6e .ue-inner-btn-wrapper\n{\n  display:flex;\n  align-items:center;\n  justify-content:center;\n  position: relative;\n  pointer-events: none;\n}\n\n<\/style>\n\n<div class=\"uc_post_grid_style_one woocommerce_product_grid  \" id=\"uc_woocommerce_product_grid_elementor_3e8ea6e\"   style=\"direction:ltr;text-align:center;\">\n\t\t<div class=\"uc_post_grid_style_one_wrap uc-items-wrapper ue-woo-grid\">\n\t\t\t\n          <div class=\"uc_post_grid_style_one_item ue-item\" id=\"uc_woocommerce_product_grid_elementor_3e8ea6e_item1\">\n  \n  \t  \n \n        \t\n\t   \n  \n     <div>\n   <a class=\"uc_post_grid_style_one_image\" href=\"https:\/\/mcspuronics.com\/es\/product\/sistema-de-agua-potable-por-osmosis-inversa-micromax-8500\/\">\n     \n     \t\n        <div class=\"uc_post_image\">\n          \t\n          \n     \t\t               <img decoding=\"async\" src=\"https:\/\/mcspuronics.com\/wp-content\/uploads\/MICROMAX-8500-768x816.jpg\"  alt=\"MICROMAX 8500\">\n            \t\n                     \t\n          \n     \n     <\/div>\n     \n               \n   <\/a>\n   <\/div>  \n  \n      \n  \n  <div class=\"uc_content padding\">\n    \n         \n                \n          \n      <div class=\"uc_title\"><a href=\"https:\/\/mcspuronics.com\/es\/product\/sistema-de-agua-potable-por-osmosis-inversa-micromax-8500\/\">Sistema de agua potable por \u00f3smosis inversa Micromax\u2122 8500<\/a><\/div>    \n          \n            \n        \n    \n             \n      <div class=\"ue_grid_item_bottom\">\n      \n       <div class=\"ue_grid_prices\">\n         \n                \n              <\/div>\n\t  \n      <div class=\"uc_post_grid_style_one_button\">\n                                \n              <a class=\"uc_more_btn \" href=\"https:\/\/mcspuronics.com\/es\/product\/sistema-de-agua-potable-por-osmosis-inversa-micromax-8500\/\" href='https:\/\/mcspuronics.com\/es\/product\/sistema-de-agua-potable-por-osmosis-inversa-micromax-8500\/' target=\"_self\">\n               <div class=\"ue-inner-btn-wrapper\">\n                <span><i class=''><\/i><\/span><span>Ver producto<\/span>\n               <\/div>\n              <\/a>          \n        \n        \n              <\/div>\n    <\/div> \n  <\/div>\n\n    \t\n\n<\/div>\n<div class=\"uc_post_grid_style_one_item ue-item\" id=\"uc_woocommerce_product_grid_elementor_3e8ea6e_item2\">\n  \n  \t  \n \n        \t\n\t   \n  \n     <div>\n   <a class=\"uc_post_grid_style_one_image\" href=\"https:\/\/mcspuronics.com\/es\/product\/sistema-de-osmosis-inversa-puronics-pur-alkaline\/\">\n     \n     \t\n        <div class=\"uc_post_image\">\n          \t\n          \n     \t\t               <img decoding=\"async\" src=\"https:\/\/mcspuronics.com\/wp-content\/uploads\/PUR-ALK-RO-768x656.jpg\"  alt=\"PUR ALK RO\">\n            \t\n                     \t\n          \n     \n     <\/div>\n     \n               \n   <\/a>\n   <\/div>  \n  \n      \n  \n  <div class=\"uc_content padding\">\n    \n         \n                \n          \n      <div class=\"uc_title\"><a href=\"https:\/\/mcspuronics.com\/es\/product\/sistema-de-osmosis-inversa-puronics-pur-alkaline\/\">Sistema de \u00f3smosis inversa Puronics Pur-Alkaline<\/a><\/div>    \n          \n            \n        \n    \n             \n      <div class=\"ue_grid_item_bottom\">\n      \n       <div class=\"ue_grid_prices\">\n         \n                \n              <\/div>\n\t  \n      <div class=\"uc_post_grid_style_one_button\">\n                                \n              <a class=\"uc_more_btn \" href=\"https:\/\/mcspuronics.com\/es\/product\/sistema-de-osmosis-inversa-puronics-pur-alkaline\/\" href='https:\/\/mcspuronics.com\/es\/product\/sistema-de-osmosis-inversa-puronics-pur-alkaline\/' target=\"_self\">\n               <div class=\"ue-inner-btn-wrapper\">\n                <span><i class=''><\/i><\/span><span>Ver producto<\/span>\n               <\/div>\n              <\/a>          \n        \n        \n              <\/div>\n    <\/div> \n  <\/div>\n\n    \t\n\n<\/div>\n\n          \n\t\t<\/div>\n<\/div>\n\n\n\n  <div id=\"uc_woocommerce_product_grid_elementor_3e8ea6e_empty_message\" class=\"ue-no-posts-found\"  style=\"display:none\" >No products found<\/div>\n\n\n<!-- end Woo Product Grid -->\t\t\t\t<\/div>\n\t\t\t\t<\/div>\n\t\t\t\t\t<\/div>\n\t\t<\/div>\n\t\t\t\t\t<\/div>\n\t\t<\/section>\n\t\t\t\t<\/div>\n\t\t","protected":false},"excerpt":{"rendered":"<p>Drinking Water Systems Sistemas de \u00d3smosis Inversa para Agua Potable Los sistemas de filtraci\u00f3n de agua potable de Puronics\u00ae utilizan la \u00d3smosis Inversa (OI) para producir agua de la m\u00e1s alta calidad para todas las necesidades de agua potable y preparaci\u00f3n de alimentos de su familia, eliminando la necesidad de comprar agua embotellada. \u00bfQu\u00e9 es [&hellip;]<\/p>\n","protected":false},"author":1,"featured_media":0,"parent":0,"menu_order":4,"comment_status":"closed","ping_status":"closed","template":"","meta":{"footnotes":""},"class_list":["post-3532","page","type-page","status-publish","hentry"],"_links":{"self":[{"href":"https:\/\/mcspuronics.com\/es\/wp-json\/wp\/v2\/pages\/3532","targetHints":{"allow":["GET"]}}],"collection":[{"href":"https:\/\/mcspuronics.com\/es\/wp-json\/wp\/v2\/pages"}],"about":[{"href":"https:\/\/mcspuronics.com\/es\/wp-json\/wp\/v2\/types\/page"}],"author":[{"embeddable":true,"href":"https:\/\/mcspuronics.com\/es\/wp-json\/wp\/v2\/users\/1"}],"replies":[{"embeddable":true,"href":"https:\/\/mcspuronics.com\/es\/wp-json\/wp\/v2\/comments?post=3532"}],"version-history":[{"count":5,"href":"https:\/\/mcspuronics.com\/es\/wp-json\/wp\/v2\/pages\/3532\/revisions"}],"predecessor-version":[{"id":3919,"href":"https:\/\/mcspuronics.com\/es\/wp-json\/wp\/v2\/pages\/3532\/revisions\/3919"}],"wp:attachment":[{"href":"https:\/\/mcspuronics.com\/es\/wp-json\/wp\/v2\/media?parent=3532"}],"curies":[{"name":"wp","href":"https:\/\/api.w.org\/{rel}","templated":true}]}}