{"id":3753,"date":"2024-09-26T22:22:57","date_gmt":"2024-09-27T05:22:57","guid":{"rendered":"https:\/\/mcspuronics.com\/?post_type=product&#038;p=3753"},"modified":"2026-02-28T17:21:45","modified_gmt":"2026-03-01T01:21:45","slug":"hydronex-igen-c-sistema-de-ablandamiento-de-agua-para-toda-la-casa-y-filtro-de-cloramina","status":"publish","type":"product","link":"https:\/\/mcspuronics.com\/es\/product\/hydronex-igen-c-sistema-de-ablandamiento-de-agua-para-toda-la-casa-y-filtro-de-cloramina\/","title":{"rendered":"Hydronex\u00ae iGen\u00ae C: Sistema de ablandamiento de agua para toda la casa y filtro de cloramina"},"content":{"rendered":"\t\t<div data-elementor-type=\"product-post\" data-elementor-id=\"3753\" class=\"elementor elementor-3753 elementor-1691\" data-elementor-post-type=\"product\">\n\t\t\t\t\t\t<section class=\"elementor-section elementor-top-section elementor-element elementor-element-b5702e8 elementor-section-boxed elementor-section-height-default elementor-section-height-default\" data-id=\"b5702e8\" data-element_type=\"section\" data-e-type=\"section\">\n\t\t\t\t\t\t<div class=\"elementor-container elementor-column-gap-default\">\n\t\t\t\t\t<div class=\"elementor-column elementor-col-50 elementor-top-column elementor-element elementor-element-27b349a\" data-id=\"27b349a\" data-element_type=\"column\" data-e-type=\"column\">\n\t\t\t<div class=\"elementor-widget-wrap elementor-element-populated\">\n\t\t\t\t\t\t<div class=\"elementor-element elementor-element-19591b1 elementor-widget elementor-widget-heading\" data-id=\"19591b1\" data-element_type=\"widget\" data-e-type=\"widget\" data-settings=\"{&quot;ekit_we_effect_on&quot;:&quot;none&quot;}\" data-widget_type=\"heading.default\">\n\t\t\t\t<div class=\"elementor-widget-container\">\n\t\t\t\t\t<h4 class=\"elementor-heading-title elementor-size-default\">V\u00e1lvula de Control Computarizada Patented iGen\u00ae<\/h4>\t\t\t\t<\/div>\n\t\t\t\t<\/div>\n\t\t\t\t<div class=\"elementor-element elementor-element-a5a0f33 elementor-widget elementor-widget-text-editor\" data-id=\"a5a0f33\" data-element_type=\"widget\" data-e-type=\"widget\" data-settings=\"{&quot;ekit_we_effect_on&quot;:&quot;none&quot;}\" data-widget_type=\"text-editor.default\">\n\t\t\t\t<div class=\"elementor-widget-container\">\n\t\t\t\t\t\t\t\t\t<ul><li>El microprocesador digital inteligente iGen\u00ae controla las operaciones del sistema<\/li><li>Mantiene un historial de 60 d\u00edas de consumo de agua para maximizar la eficiencia del retrolavado\/regeneraci\u00f3n<\/li><li>Doble retrolavado asegura un lecho de medio filtrante limpio<\/li><li>Diagn\u00f3stico integrado garantiza agua de calidad superior constante<\/li><li>Crea una reserva autom\u00e1tica para que nunca se quede sin agua de calidad<\/li><li>La construcci\u00f3n duradera de la v\u00e1lvula de control de 1\u2033 resistente a la corrosi\u00f3n garantiza a\u00f1os de operaci\u00f3n eficiente y sin problemas<\/li><li>El sistema de salmuera de flujo descendente asegura un uso m\u00ednimo de agua y una dosificaci\u00f3n eficiente de sal<\/li><\/ul>\t\t\t\t\t\t\t\t<\/div>\n\t\t\t\t<\/div>\n\t\t\t\t<div class=\"elementor-element elementor-element-e763beb elementor-widget elementor-widget-heading\" data-id=\"e763beb\" data-element_type=\"widget\" data-e-type=\"widget\" data-settings=\"{&quot;ekit_we_effect_on&quot;:&quot;none&quot;}\" data-widget_type=\"heading.default\">\n\t\t\t\t<div class=\"elementor-widget-container\">\n\t\t\t\t\t<h4 class=\"elementor-heading-title elementor-size-default\">Tecnolog\u00eda Chlorostatic\u00ae\u00ae funcionando en su hogar<\/h4>\t\t\t\t<\/div>\n\t\t\t\t<\/div>\n\t\t\t\t<div class=\"elementor-element elementor-element-e3309b4 elementor-widget elementor-widget-text-editor\" data-id=\"e3309b4\" data-element_type=\"widget\" data-e-type=\"widget\" data-settings=\"{&quot;ekit_we_effect_on&quot;:&quot;none&quot;}\" data-widget_type=\"text-editor.default\">\n\t\t\t\t<div class=\"elementor-widget-container\">\n\t\t\t\t\t\t\t\t\t<ul><li>El medio filtrante ChloroShield\u2122 Clearess\u00ae incorpora la Tecnolog\u00eda Chlorostatic\u00ae\u00ae para reducir eficazmente la cloramina y el cloro de cada grifo de su hogar. El medio filtrante ChloroShield\u2122 Clearess\u00ae tiene una garant\u00eda limitada de por vida y reduce la necesidad de cambios de filtro.<\/li><\/ul>\t\t\t\t\t\t\t\t<\/div>\n\t\t\t\t<\/div>\n\t\t\t\t\t<\/div>\n\t\t<\/div>\n\t\t\t\t<div class=\"elementor-column elementor-col-50 elementor-top-column elementor-element elementor-element-5fa932b\" data-id=\"5fa932b\" data-element_type=\"column\" data-e-type=\"column\">\n\t\t\t<div class=\"elementor-widget-wrap elementor-element-populated\">\n\t\t\t\t\t\t<section class=\"elementor-section elementor-inner-section elementor-element elementor-element-c40458f elementor-section-boxed elementor-section-height-default elementor-section-height-default\" data-id=\"c40458f\" data-element_type=\"section\" data-e-type=\"section\">\n\t\t\t\t\t\t<div class=\"elementor-container elementor-column-gap-default\">\n\t\t\t\t\t<div class=\"elementor-column elementor-col-100 elementor-inner-column elementor-element elementor-element-e986bee\" data-id=\"e986bee\" data-element_type=\"column\" data-e-type=\"column\">\n\t\t\t<div class=\"elementor-widget-wrap elementor-element-populated\">\n\t\t\t\t\t\t<div class=\"elementor-element elementor-element-77d22ab elementor-position-top elementor-widget elementor-widget-image-box\" data-id=\"77d22ab\" data-element_type=\"widget\" data-e-type=\"widget\" data-settings=\"{&quot;ekit_we_effect_on&quot;:&quot;none&quot;}\" data-widget_type=\"image-box.default\">\n\t\t\t\t<div class=\"elementor-widget-container\">\n\t\t\t\t\t<div class=\"elementor-image-box-wrapper\"><figure class=\"elementor-image-box-img\"><img decoding=\"async\" width=\"200\" height=\"201\" src=\"https:\/\/mcspuronics.com\/wp-content\/uploads\/wqa-gold-seal.08.png\" class=\"attachment-full size-full wp-image-3713\" alt=\"\" srcset=\"https:\/\/mcspuronics.com\/wp-content\/uploads\/wqa-gold-seal.08.png 200w, https:\/\/mcspuronics.com\/wp-content\/uploads\/wqa-gold-seal.08-100x100.png 100w\" sizes=\"(max-width: 200px) 100vw, 200px\" \/><\/figure><div class=\"elementor-image-box-content\"><p class=\"elementor-image-box-description\">Los sistemas Terminator\u00ae iGen\u00ae C est\u00e1n certificados por la WQA (Asociaci\u00f3n de Calidad del Agua) seg\u00fan las normas NSF\/ANSI 42 para la reducci\u00f3n de cloro, sabor a cloro y olor a cloro; NSF\/ANSI 44 para la reducci\u00f3n de minerales de dureza, bario y radio 226\/228; y NSF\/ANSI 372 para el cumplimiento de libre de plomo, seg\u00fan lo verificado y sustentado por los datos de las pruebas.<\/p><\/div><\/div>\t\t\t\t<\/div>\n\t\t\t\t<\/div>\n\t\t\t\t<div class=\"elementor-element elementor-element-e4b184f elementor-widget elementor-widget-text-editor\" data-id=\"e4b184f\" data-element_type=\"widget\" data-e-type=\"widget\" data-settings=\"{&quot;ekit_we_effect_on&quot;:&quot;none&quot;}\" data-widget_type=\"text-editor.default\">\n\t\t\t\t<div class=\"elementor-widget-container\">\n\t\t\t\t\t\t\t\t\t<p>Reducci\u00f3n efectiva del Estroncio, seg\u00fan lo verificado por datos de pruebas independientes.<\/p>\t\t\t\t\t\t\t\t<\/div>\n\t\t\t\t<\/div>\n\t\t\t\t\t<\/div>\n\t\t<\/div>\n\t\t\t\t\t<\/div>\n\t\t<\/section>\n\t\t\t\t\t<\/div>\n\t\t<\/div>\n\t\t\t\t\t<\/div>\n\t\t<\/section>\n\t\t\t\t<section class=\"elementor-section elementor-top-section elementor-element elementor-element-deec9ce elementor-section-boxed elementor-section-height-default elementor-section-height-default\" data-id=\"deec9ce\" data-element_type=\"section\" data-e-type=\"section\">\n\t\t\t\t\t\t<div class=\"elementor-container elementor-column-gap-default\">\n\t\t\t\t\t<div class=\"elementor-column elementor-col-100 elementor-top-column elementor-element elementor-element-827c09c\" data-id=\"827c09c\" data-element_type=\"column\" data-e-type=\"column\">\n\t\t\t<div class=\"elementor-widget-wrap elementor-element-populated\">\n\t\t\t\t\t\t<div class=\"elementor-element elementor-element-6873e2e elementor-widget elementor-widget-heading\" data-id=\"6873e2e\" data-element_type=\"widget\" data-e-type=\"widget\" data-settings=\"{&quot;ekit_we_effect_on&quot;:&quot;none&quot;}\" data-widget_type=\"heading.default\">\n\t\t\t\t<div class=\"elementor-widget-container\">\n\t\t\t\t\t<h2 class=\"elementor-heading-title elementor-size-default\">Mira lo que hay dentro<\/h2>\t\t\t\t<\/div>\n\t\t\t\t<\/div>\n\t\t\t\t<section class=\"elementor-section elementor-inner-section elementor-element elementor-element-2b1b563a elementor-section-boxed elementor-section-height-default elementor-section-height-default\" data-id=\"2b1b563a\" data-element_type=\"section\" data-e-type=\"section\">\n\t\t\t\t\t\t<div class=\"elementor-container elementor-column-gap-default\">\n\t\t\t\t\t<div class=\"elementor-column elementor-col-50 elementor-inner-column elementor-element elementor-element-4efbe3b4\" data-id=\"4efbe3b4\" data-element_type=\"column\" data-e-type=\"column\">\n\t\t\t<div class=\"elementor-widget-wrap elementor-element-populated\">\n\t\t\t\t\t\t<div class=\"elementor-element elementor-element-e6dbc91 elementor-widget elementor-widget-ucaddon_list\" data-id=\"e6dbc91\" data-element_type=\"widget\" data-e-type=\"widget\" data-settings=\"{&quot;ekit_we_effect_on&quot;:&quot;none&quot;}\" data-widget_type=\"ucaddon_list.default\">\n\t\t\t\t<div class=\"elementor-widget-container\">\n\t\t\t\t\t\n<!-- start List -->\n\t\t<link id='font-awesome-css' href='https:\/\/mcspuronics.com\/wp-content\/plugins\/unlimited-elements-for-elementor-premium\/assets_libraries\/font-awesome6\/fontawesome-all.min.css' type='text\/css' rel='stylesheet' >\n\t\t<link id='font-awesome-4-shim-css' href='https:\/\/mcspuronics.com\/wp-content\/plugins\/unlimited-elements-for-elementor-premium\/assets_libraries\/font-awesome6\/fontawesome-v4-shims.min.css' type='text\/css' rel='stylesheet' >\n\n<style>\/* widget: List *\/\n\n\n\n#uc_list_elementor_e6dbc91{\n  display:grid;\n  position:relative;\n}\n\n#uc_list_elementor_e6dbc91 .ue-list-item\n{\n  display:flex;\n}\n\n#uc_list_elementor_e6dbc91 .ue-list-item-title{\n  display:flex;\n  align-items: center;\n} \n\n#uc_list_elementor_e6dbc91 .ue-list-item-image img\n{\n  max-width:100%;\n}\n#uc_list_elementor_e6dbc91 .ue-list-item-text *{\n  transition: inherit;\n}\n\n#uc_list_elementor_e6dbc91 .ue-list-item-index\n{\n  flex-grow:0;\n  flex-shrink:0;\n  display:flex;\n  align-items:center;\n  justify-content:center;\n  line-height:1em;\n}\n\n#uc_list_elementor_e6dbc91 .ue-list-item-index svg\n{\n  height:1em;\n  width:1em;\n}\n\n#uc_list_elementor_e6dbc91 .ue-list-item-content\n{\n  flex-grow:1;\n}\n.ue_badge{\n  font-size:13px;\n}\n\n<\/style>\n\n<div id=\"uc_list_elementor_e6dbc91\" class=\"ue-list uc-items-wrapper  \"  >\n  <div class=\"ue-list-item elementor-repeater-item-ab020f2\">\n  <div class=\"ue-list-item-index\">\n      1            \n  <\/div>\n  <div class=\"ue-list-item-content\">\n      <h6 class=\"ue-list-item-title\">V\u00e1lvula de Control Digital iGen\u00ae \n                  <\/h6>\n             <\/div>\n<\/div>\n<div class=\"ue-list-item elementor-repeater-item-1b5edcc\">\n  <div class=\"ue-list-item-index\">\n      2            \n  <\/div>\n  <div class=\"ue-list-item-content\">\n      <h6 class=\"ue-list-item-title\">Tanque Multicapa \n                  <\/h6>\n          <div class=\"ue-list-item-text\"><ul>\n<li>Revestimiento interno de Polietileno<\/li>\n<li>Capa exterior de fibra de vidrio<\/li>\n<li>Cubierta exterior de Acero Inoxidable<\/li>\n<\/ul><\/div>             <\/div>\n<\/div>\n<div class=\"ue-list-item elementor-repeater-item-f65136b\">\n  <div class=\"ue-list-item-index\">\n      3            \n  <\/div>\n  <div class=\"ue-list-item-content\">\n      <h6 class=\"ue-list-item-title\">Filtro con Tecnolog\u00eda Chlorostatic\u00ae \n                  <\/h6>\n          <div class=\"ue-list-item-text\"><ul>\n<li>El medio filtrante Chloroshield\u2122 Clearess\u00ae reduce eficazmente la cloramina y el cloro de los suministros de agua municipales<\/li>\n<li>Reduce el olor y sabor objetables del cloro y la cloramina<\/li>\n<li>La eficiencia \u00f3ptima reduce los costos operativos del sistema<\/li>\n<\/ul><\/div>             <\/div>\n<\/div>\n<div class=\"ue-list-item elementor-repeater-item-5dd854b\">\n  <div class=\"ue-list-item-index\">\n      4            \n  <\/div>\n  <div class=\"ue-list-item-content\">\n      <h6 class=\"ue-list-item-title\">Suavizador y Acondicionador \n                  <\/h6>\n          <div class=\"ue-list-item-text\"><ul>\n \t<li>La resina monosc\u00e9rica de alta capacidad S-759 tiene perlas de tama\u00f1o uniforme para mayores caudales y eficiencias<\/li>\n \t<li>Reduce el hierro, la turbidez y la dureza<\/li>\n<\/ul><\/div>             <\/div>\n<\/div>\n<div class=\"ue-list-item elementor-repeater-item-6be0578\">\n  <div class=\"ue-list-item-index\">\n      5            \n  <\/div>\n  <div class=\"ue-list-item-content\">\n      <h6 class=\"ue-list-item-title\">Clarificador \n                  <\/h6>\n          <div class=\"ue-list-item-text\"><ul><li>La grava de s\u00edlice pule el agua hasta obtener una claridad brillante<\/li><\/ul><\/div>             <\/div>\n<\/div>\n<div class=\"ue-list-item elementor-repeater-item-c2466de\">\n  <div class=\"ue-list-item-index\">\n      6            \n  <\/div>\n  <div class=\"ue-list-item-content\">\n      <h6 class=\"ue-list-item-title\">Conexi\u00f3n PushSeal\u2122 \n                  <\/h6>\n          <div class=\"ue-list-item-text\"><ul><li>Protecci\u00f3n de sellado superior<\/li><\/ul><\/div>             <\/div>\n<\/div>\n<div class=\"ue-list-item elementor-repeater-item-80a8945\">\n  <div class=\"ue-list-item-index\">\n      7            \n  <\/div>\n  <div class=\"ue-list-item-content\">\n      <h6 class=\"ue-list-item-title\">Conjunto del Flotador y Distribuidor \n                  <\/h6>\n             <\/div>\n<\/div>\n<div class=\"ue-list-item elementor-repeater-item-41a4fe0\">\n  <div class=\"ue-list-item-index\">\n      8            \n  <\/div>\n  <div class=\"ue-list-item-content\">\n      <h6 class=\"ue-list-item-title\">Tanque de Retrolavado \n                  <\/h6>\n             <\/div>\n<\/div>\n<div class=\"ue-list-item elementor-repeater-item-05f8798\">\n  <div class=\"ue-list-item-index\">\n      9            \n  <\/div>\n  <div class=\"ue-list-item-content\">\n      <h6 class=\"ue-list-item-title\">Potasio o Sal \n                  <\/h6>\n             <\/div>\n<\/div>\n<div class=\"ue-list-item elementor-repeater-item-d6f9972\">\n  <div class=\"ue-list-item-index\">\n      10            \n  <\/div>\n  <div class=\"ue-list-item-content\">\n      <h6 class=\"ue-list-item-title\">Soluci\u00f3n de Potasio o Sal \n                  <\/h6>\n             <\/div>\n<\/div>\n\n<\/div>\n<!-- end List -->\t\t\t\t<\/div>\n\t\t\t\t<\/div>\n\t\t\t\t\t<\/div>\n\t\t<\/div>\n\t\t\t\t<div class=\"elementor-column elementor-col-50 elementor-inner-column elementor-element elementor-element-7e3c409\" data-id=\"7e3c409\" data-element_type=\"column\" data-e-type=\"column\">\n\t\t\t<div class=\"elementor-widget-wrap elementor-element-populated\">\n\t\t\t\t\t\t<div class=\"elementor-element elementor-element-11911f6 elementor-widget elementor-widget-image\" data-id=\"11911f6\" data-element_type=\"widget\" data-e-type=\"widget\" data-settings=\"{&quot;ekit_we_effect_on&quot;:&quot;none&quot;}\" data-widget_type=\"image.default\">\n\t\t\t\t<div class=\"elementor-widget-container\">\n\t\t\t\t\t\t\t\t\t\t\t\t\t\t\t<img fetchpriority=\"high\" decoding=\"async\" width=\"437\" height=\"923\" src=\"https:\/\/mcspuronics.com\/wp-content\/uploads\/hydronex-c-numbered-12.19.png\" class=\"attachment-large size-large wp-image-3752\" alt=\"\" srcset=\"https:\/\/mcspuronics.com\/wp-content\/uploads\/hydronex-c-numbered-12.19.png 437w, https:\/\/mcspuronics.com\/wp-content\/uploads\/hydronex-c-numbered-12.19-426x900.png 426w, https:\/\/mcspuronics.com\/wp-content\/uploads\/hydronex-c-numbered-12.19-142x300.png 142w\" sizes=\"(max-width: 437px) 100vw, 437px\" \/>\t\t\t\t\t\t\t\t\t\t\t\t\t\t\t<\/div>\n\t\t\t\t<\/div>\n\t\t\t\t\t<\/div>\n\t\t<\/div>\n\t\t\t\t\t<\/div>\n\t\t<\/section>\n\t\t\t\t\t<\/div>\n\t\t<\/div>\n\t\t\t\t\t<\/div>\n\t\t<\/section>\n\t\t\t\t<section class=\"elementor-section elementor-top-section elementor-element elementor-element-63bd727 elementor-section-boxed elementor-section-height-default elementor-section-height-default\" data-id=\"63bd727\" data-element_type=\"section\" data-e-type=\"section\">\n\t\t\t\t\t\t<div class=\"elementor-container elementor-column-gap-default\">\n\t\t\t\t\t<div class=\"elementor-column elementor-col-100 elementor-top-column elementor-element elementor-element-0d3834e\" data-id=\"0d3834e\" data-element_type=\"column\" data-e-type=\"column\">\n\t\t\t<div class=\"elementor-widget-wrap elementor-element-populated\">\n\t\t\t\t\t\t<div class=\"elementor-element elementor-element-7934d05 elementor-widget elementor-widget-text-editor\" data-id=\"7934d05\" data-element_type=\"widget\" data-e-type=\"widget\" data-settings=\"{&quot;ekit_we_effect_on&quot;:&quot;none&quot;}\" data-widget_type=\"text-editor.default\">\n\t\t\t\t<div class=\"elementor-widget-container\">\n\t\t\t\t\t\t\t\t\t<p>Este sistema est\u00e1 dise\u00f1ado para usarse con agua municipal o agua de pozo privado que haya sido desinfectada con cloro o cloramina. El Medio Chloroshield\u2122 Clearess\u00ae reducir\u00e1 el sabor y el olor a cloramina\/cloro hasta por 2,600,000 galones de agua municipal a caudales de servicio normales.* El nivel normal de cloro o cloramina residencial es de 0.5 a 1 ppm. Niveles m\u00e1s altos de cloro o cloramina pueden reducir la vida \u00fatil del medio. Cualquier aplicaci\u00f3n en pozo privado sin cloro o cloramina debe utilizar la versi\u00f3n base de este sistema sin Clearess\u00ae.<\/p><p>Los contaminantes u otras sustancias que pueden ser eliminados por el sistema Puronics\u00ae Terminator\u00ae C no est\u00e1n necesariamente presentes en su agua. Los requisitos de mantenimiento operativo y reemplazo son esenciales para que el producto funcione como se anuncia. Los ahorros reales logrados dependen de sus h\u00e1bitos de gasto y niveles de uso particulares.<\/p><p>*Las pruebas NSF\/ANSI 42 se realizaron con una concentraci\u00f3n de cloro de 2.0 ppm, dando como resultado las capacidades extrapoladas anteriores para concentraciones de entrada m\u00e1s bajas.<\/p>\t\t\t\t\t\t\t\t<\/div>\n\t\t\t\t<\/div>\n\t\t\t\t\t<\/div>\n\t\t<\/div>\n\t\t\t\t\t<\/div>\n\t\t<\/section>\n\t\t\t\t<\/div>\n\t\t","protected":false},"excerpt":{"rendered":"<p>La Forma Inteligente de Resolver los Problemas de Agua Causados por Cloramina, Cloro y Dureza.<\/p>\n<p>El sistema combinado de suavizador y filtro de agua para toda la casa Puronics\u00ae Hydronex\u00ae iGen\u00ae C est\u00e1 espec\u00edficamente dise\u00f1ado para reducir los niveles de cloramina, cloro y dureza que se encuentran t\u00edpicamente en los suministros de agua municipales. El medio filtrante ChloroShield\u2122 Clearess\u00ae utiliza nuestra tecnolog\u00eda patentada Chlorostatic\u00ae bajo el control de la inteligente v\u00e1lvula iGen\u00ae para producir agua saludable de calidad superior. La cloramina (una combinaci\u00f3n de cloro y amon\u00edaco) es un desinfectante com\u00fan en los suministros de agua municipales, pero podr\u00eda tener efectos secundarios potenciales para las personas y los peces. Tambi\u00e9n es muy corrosiva para las tuber\u00edas de plomo y cobre. La v\u00e1lvula de control iGen\u00ae resistente a la corrosi\u00f3n y el tanque multicapa envuelto en acero inoxidable asegurar\u00e1n que su familia disfrute de los beneficios de agua cristalina y saludable durante muchos a\u00f1os.<\/p>\n<ul>\n<li>Piel y cabello suaves y sedosos<\/li>\n<li>La comida sabe mejor<\/li>\n<li>Platos m\u00e1s limpios<\/li>\n<li>Bebidas con mejor sabor<\/li>\n<\/ul>\n","protected":false},"featured_media":3653,"comment_status":"closed","ping_status":"closed","template":"","meta":[],"product_brand":[],"product_cat":[103],"product_tag":[],"class_list":{"0":"post-3753","1":"product","2":"type-product","3":"status-publish","4":"has-post-thumbnail","6":"product_cat-sistemas-de-ablandamiento-de-agua","8":"first","9":"instock","10":"featured","11":"taxable","12":"shipping-taxable","13":"product-type-simple"},"_links":{"self":[{"href":"https:\/\/mcspuronics.com\/es\/wp-json\/wp\/v2\/product\/3753","targetHints":{"allow":["GET"]}}],"collection":[{"href":"https:\/\/mcspuronics.com\/es\/wp-json\/wp\/v2\/product"}],"about":[{"href":"https:\/\/mcspuronics.com\/es\/wp-json\/wp\/v2\/types\/product"}],"replies":[{"embeddable":true,"href":"https:\/\/mcspuronics.com\/es\/wp-json\/wp\/v2\/comments?post=3753"}],"version-history":[{"count":5,"href":"https:\/\/mcspuronics.com\/es\/wp-json\/wp\/v2\/product\/3753\/revisions"}],"predecessor-version":[{"id":3767,"href":"https:\/\/mcspuronics.com\/es\/wp-json\/wp\/v2\/product\/3753\/revisions\/3767"}],"wp:featuredmedia":[{"embeddable":true,"href":"https:\/\/mcspuronics.com\/es\/wp-json\/wp\/v2\/media\/3653"}],"wp:attachment":[{"href":"https:\/\/mcspuronics.com\/es\/wp-json\/wp\/v2\/media?parent=3753"}],"wp:term":[{"taxonomy":"product_brand","embeddable":true,"href":"https:\/\/mcspuronics.com\/es\/wp-json\/wp\/v2\/product_brand?post=3753"},{"taxonomy":"product_cat","embeddable":true,"href":"https:\/\/mcspuronics.com\/es\/wp-json\/wp\/v2\/product_cat?post=3753"},{"taxonomy":"product_tag","embeddable":true,"href":"https:\/\/mcspuronics.com\/es\/wp-json\/wp\/v2\/product_tag?post=3753"}],"curies":[{"name":"wp","href":"https:\/\/api.w.org\/{rel}","templated":true}]}}