{"id":3770,"date":"2024-08-16T13:45:30","date_gmt":"2024-08-16T20:45:30","guid":{"rendered":"https:\/\/mcspuronics.com\/?post_type=product&#038;p=3770"},"modified":"2026-02-28T17:35:34","modified_gmt":"2026-03-01T01:35:34","slug":"sistema-de-agua-potable-por-osmosis-inversa-micromax-8500","status":"publish","type":"product","link":"https:\/\/mcspuronics.com\/es\/product\/sistema-de-agua-potable-por-osmosis-inversa-micromax-8500\/","title":{"rendered":"Sistema de agua potable por \u00f3smosis inversa Micromax\u2122 8500"},"content":{"rendered":"\t\t<div data-elementor-type=\"product-post\" data-elementor-id=\"3770\" class=\"elementor elementor-3770 elementor-246\" data-elementor-post-type=\"product\">\n\t\t\t\t\t\t<section class=\"elementor-section elementor-top-section elementor-element elementor-element-09082f2 elementor-section-boxed elementor-section-height-default elementor-section-height-default\" data-id=\"09082f2\" data-element_type=\"section\" data-e-type=\"section\">\n\t\t\t\t\t\t<div class=\"elementor-container elementor-column-gap-default\">\n\t\t\t\t\t<div class=\"elementor-column elementor-col-50 elementor-top-column elementor-element elementor-element-4d592d1\" data-id=\"4d592d1\" data-element_type=\"column\" data-e-type=\"column\">\n\t\t\t<div class=\"elementor-widget-wrap elementor-element-populated\">\n\t\t\t\t\t\t<div class=\"elementor-element elementor-element-1cd326d elementor-widget elementor-widget-heading\" data-id=\"1cd326d\" data-element_type=\"widget\" data-e-type=\"widget\" data-settings=\"{&quot;ekit_we_effect_on&quot;:&quot;none&quot;}\" data-widget_type=\"heading.default\">\n\t\t\t\t<div class=\"elementor-widget-container\">\n\t\t\t\t\t<h3 class=\"elementor-heading-title elementor-size-default\">Para m\u00e1xima calidad y rendimiento<\/h3>\t\t\t\t<\/div>\n\t\t\t\t<\/div>\n\t\t\t\t<div class=\"elementor-element elementor-element-cc8dcd5 elementor-widget elementor-widget-text-editor\" data-id=\"cc8dcd5\" data-element_type=\"widget\" data-e-type=\"widget\" data-settings=\"{&quot;ekit_we_effect_on&quot;:&quot;none&quot;}\" data-widget_type=\"text-editor.default\">\n\t\t\t\t<div class=\"elementor-widget-container\">\n\t\t\t\t\t\t\t\t\t<ul><li>Los cartuchos filtrantes sanitarios patentados Easy Change\u2122 cierran autom\u00e1ticamente el agua cuando se extraen para un reemplazo r\u00e1pido y sin fugas<\/li><li>Funciona con la presi\u00f3n de agua dom\u00e9stica y no utiliza electricidad<\/li><li>Dise\u00f1o elegante de perfil delgado que requiere un uso m\u00ednimo de espacio<\/li><li>Adaptador para grifo de cocina permite una conexi\u00f3n f\u00e1cil al suministro de agua fr\u00eda, sin necesidad de v\u00e1lvulas de aguja ni fontaner\u00eda especial<\/li><li>Grifo de cuello largo y dise\u00f1o elegante que se integra en cualquier decoraci\u00f3n de cocina<\/li><li>Cada sistema est\u00e1 sujeto a un riguroso control de calidad y pruebas, cuyos resultados se incluyen con orgullo en el empaque<\/li><li>Conexiones, v\u00e1lvulas y construcci\u00f3n duraderas y de alta calidad garantizan a\u00f1os de rendimiento confiable y sin fugas<\/li><\/ul>\t\t\t\t\t\t\t\t<\/div>\n\t\t\t\t<\/div>\n\t\t\t\t\t<\/div>\n\t\t<\/div>\n\t\t\t\t<div class=\"elementor-column elementor-col-50 elementor-top-column elementor-element elementor-element-0aa75f7\" data-id=\"0aa75f7\" data-element_type=\"column\" data-e-type=\"column\">\n\t\t\t<div class=\"elementor-widget-wrap elementor-element-populated\">\n\t\t\t\t\t\t<div class=\"elementor-element elementor-element-36492d8 elementor-widget elementor-widget-image\" data-id=\"36492d8\" data-element_type=\"widget\" data-e-type=\"widget\" data-settings=\"{&quot;ekit_we_effect_on&quot;:&quot;none&quot;}\" data-widget_type=\"image.default\">\n\t\t\t\t<div class=\"elementor-widget-container\">\n\t\t\t\t\t\t\t\t\t\t\t\t\t\t\t<img fetchpriority=\"high\" decoding=\"async\" width=\"500\" height=\"500\" src=\"https:\/\/mcspuronics.com\/wp-content\/uploads\/mm8500-under-sink-500px.jpg\" class=\"attachment-large size-large wp-image-3768\" alt=\"mm8500 under sink 500px\" srcset=\"https:\/\/mcspuronics.com\/wp-content\/uploads\/mm8500-under-sink-500px.jpg 500w, https:\/\/mcspuronics.com\/wp-content\/uploads\/mm8500-under-sink-500px-300x300.jpg 300w, https:\/\/mcspuronics.com\/wp-content\/uploads\/mm8500-under-sink-500px-100x100.jpg 100w\" sizes=\"(max-width: 500px) 100vw, 500px\" \/>\t\t\t\t\t\t\t\t\t\t\t\t\t\t\t<\/div>\n\t\t\t\t<\/div>\n\t\t\t\t\t<\/div>\n\t\t<\/div>\n\t\t\t\t\t<\/div>\n\t\t<\/section>\n\t\t\t\t<section class=\"elementor-section elementor-top-section elementor-element elementor-element-12dbba0 elementor-section-boxed elementor-section-height-default elementor-section-height-default\" data-id=\"12dbba0\" data-element_type=\"section\" data-e-type=\"section\">\n\t\t\t\t\t\t<div class=\"elementor-container elementor-column-gap-default\">\n\t\t\t\t\t<div class=\"elementor-column elementor-col-100 elementor-top-column elementor-element elementor-element-8291917\" data-id=\"8291917\" data-element_type=\"column\" data-e-type=\"column\">\n\t\t\t<div class=\"elementor-widget-wrap elementor-element-populated\">\n\t\t\t\t\t\t<div class=\"elementor-element elementor-element-d0b4c08 elementor-widget elementor-widget-heading\" data-id=\"d0b4c08\" data-element_type=\"widget\" data-e-type=\"widget\" data-settings=\"{&quot;ekit_we_effect_on&quot;:&quot;none&quot;}\" data-widget_type=\"heading.default\">\n\t\t\t\t<div class=\"elementor-widget-container\">\n\t\t\t\t\t<h2 class=\"elementor-heading-title elementor-size-default\">Mira lo que hay dentro<\/h2>\t\t\t\t<\/div>\n\t\t\t\t<\/div>\n\t\t\t\t<section class=\"elementor-section elementor-inner-section elementor-element elementor-element-f5135ab elementor-section-boxed elementor-section-height-default elementor-section-height-default\" data-id=\"f5135ab\" data-element_type=\"section\" data-e-type=\"section\">\n\t\t\t\t\t\t<div class=\"elementor-container elementor-column-gap-default\">\n\t\t\t\t\t<div class=\"elementor-column elementor-col-50 elementor-inner-column elementor-element elementor-element-3ecf815\" data-id=\"3ecf815\" data-element_type=\"column\" data-e-type=\"column\">\n\t\t\t<div class=\"elementor-widget-wrap elementor-element-populated\">\n\t\t\t\t\t\t<div class=\"elementor-element elementor-element-6bc4a7b elementor-widget elementor-widget-heading\" data-id=\"6bc4a7b\" data-element_type=\"widget\" data-e-type=\"widget\" data-settings=\"{&quot;ekit_we_effect_on&quot;:&quot;none&quot;}\" data-widget_type=\"heading.default\">\n\t\t\t\t<div class=\"elementor-widget-container\">\n\t\t\t\t\t<h3 class=\"elementor-heading-title elementor-size-default\">Soluci\u00f3n de agua potable de cinco etapas<\/h3>\t\t\t\t<\/div>\n\t\t\t\t<\/div>\n\t\t\t\t<div class=\"elementor-element elementor-element-a7fa1ab elementor-widget elementor-widget-ucaddon_list\" data-id=\"a7fa1ab\" data-element_type=\"widget\" data-e-type=\"widget\" data-settings=\"{&quot;ekit_we_effect_on&quot;:&quot;none&quot;}\" data-widget_type=\"ucaddon_list.default\">\n\t\t\t\t<div class=\"elementor-widget-container\">\n\t\t\t\t\t\n<!-- start List -->\n\t\t<link id='font-awesome-css' href='https:\/\/mcspuronics.com\/wp-content\/plugins\/unlimited-elements-for-elementor-premium\/assets_libraries\/font-awesome6\/fontawesome-all.min.css' type='text\/css' rel='stylesheet' >\n\t\t<link id='font-awesome-4-shim-css' href='https:\/\/mcspuronics.com\/wp-content\/plugins\/unlimited-elements-for-elementor-premium\/assets_libraries\/font-awesome6\/fontawesome-v4-shims.min.css' type='text\/css' rel='stylesheet' >\n\n<style>\/* widget: List *\/\n\n\n\n#uc_list_elementor_a7fa1ab{\n  display:grid;\n  position:relative;\n}\n\n#uc_list_elementor_a7fa1ab .ue-list-item\n{\n  display:flex;\n}\n\n#uc_list_elementor_a7fa1ab .ue-list-item-title{\n  display:flex;\n  align-items: center;\n} \n\n#uc_list_elementor_a7fa1ab .ue-list-item-image img\n{\n  max-width:100%;\n}\n#uc_list_elementor_a7fa1ab .ue-list-item-text *{\n  transition: inherit;\n}\n\n#uc_list_elementor_a7fa1ab .ue-list-item-index\n{\n  flex-grow:0;\n  flex-shrink:0;\n  display:flex;\n  align-items:center;\n  justify-content:center;\n  line-height:1em;\n}\n\n#uc_list_elementor_a7fa1ab .ue-list-item-index svg\n{\n  height:1em;\n  width:1em;\n}\n\n#uc_list_elementor_a7fa1ab .ue-list-item-content\n{\n  flex-grow:1;\n}\n.ue_badge{\n  font-size:13px;\n}\n\n<\/style>\n\n<div id=\"uc_list_elementor_a7fa1ab\" class=\"ue-list uc-items-wrapper  \"  >\n  <div class=\"ue-list-item elementor-repeater-item-ab020f2\">\n  <div class=\"ue-list-item-index\">\n      1            \n  <\/div>\n  <div class=\"ue-list-item-content\">\n      <h6 class=\"ue-list-item-title\">Etapa 1 \u2013 Filtro de Sedimentos \n                  <\/h6>\n          <div class=\"ue-list-item-text\"><ul>\n \t<li>Protege todo el sistema eliminando suciedad, \u00f3xido y sedimentos de hasta 2\/10,000 de pulgada<\/li>\n<\/ul><\/div>             <\/div>\n<\/div>\n<div class=\"ue-list-item elementor-repeater-item-1b5edcc\">\n  <div class=\"ue-list-item-index\">\n      2            \n  <\/div>\n  <div class=\"ue-list-item-content\">\n      <h6 class=\"ue-list-item-title\">Etapa 2 \u2013 Filtro de Carb\u00f3n Activado \n                  <\/h6>\n          <div class=\"ue-list-item-text\"><ul>\n \t<li>Filtro de carb\u00f3n poroso de densidad graduada de 5 micras de alta capacidad<\/li>\n \t<li>Reduce eficazmente los qu\u00edmicos PFAS<\/li>\n \t<li>M\u00e1ximo tiempo de contacto con el medio filtrante para decloraci\u00f3n con adsorci\u00f3n efectiva<\/li>\n<\/ul><\/div>             <\/div>\n<\/div>\n<div class=\"ue-list-item elementor-repeater-item-14a2c34\">\n  <div class=\"ue-list-item-index\">\n      3            \n  <\/div>\n  <div class=\"ue-list-item-content\">\n      <h6 class=\"ue-list-item-title\">Ultrafiltraci\u00f3n (UF) \n                  <\/h6>\n          <div class=\"ue-list-item-text\"><ul>\n \t<li>Filtro superfino crea una barrera contra quistes transmitidos por el agua como Cryptosporidium y Giardia, si est\u00e1n presentes<\/li>\n \t<li>Proceso de autolimpieza<\/li>\n \t<li>Reduce part\u00edculas de hasta 1\/10,000 de micra<\/li>\n<\/ul><\/div>             <\/div>\n<\/div>\n<div class=\"ue-list-item elementor-repeater-item-2e5c5e4\">\n  <div class=\"ue-list-item-index\">\n      4            \n  <\/div>\n  <div class=\"ue-list-item-content\">\n      <h6 class=\"ue-list-item-title\">Etapa 4 \u2013 \u00d3smosis Inversa (OI) \n                  <\/h6>\n          <div class=\"ue-list-item-text\"><ul>\n<li>Filtro \u00fanico permite que las mol\u00e9culas de agua pasen lentamente<\/li>\n<li>Reduce la mayor\u00eda de los s\u00f3lidos disueltos como Sodio, Selenio, Ars\u00e9nico, Nitratos y Nitritos, si est\u00e1n presentes<\/li>\n<li>Reduce metales disueltos como Plomo, Cobre, Cadmio, Cromo Hexavalente y Trivalente, si est\u00e1n presentes<\/li>\n<li>Las impurezas se eliminan autom\u00e1ticamente por el desag\u00fce<\/li>\n<li>El agua procesada se almacena en un tanque sellado y esterilizado<\/li>\n<li>Reduce productos farmac\u00e9uticos y biol\u00f3gicos disueltos<\/li>\n<\/ul><\/div>             <\/div>\n<\/div>\n<div class=\"ue-list-item elementor-repeater-item-469af40\">\n  <div class=\"ue-list-item-index\">\n      5            \n  <\/div>\n  <div class=\"ue-list-item-content\">\n      <h6 class=\"ue-list-item-title\">Etapa 5 \u2013 Adsorci\u00f3n con Bloque de Carb\u00f3n Activado \n                  <\/h6>\n          <div class=\"ue-list-item-text\"><ul>\n \t<li>Bloque de carb\u00f3n de alta densidad pule el agua del tanque de almacenamiento<\/li>\n \t<li>Elimina sabores y olores desagradables<\/li>\n \t<li>Produce agua cristalina de excelente sabor<\/li>\n<\/ul><\/div>             <\/div>\n<\/div>\n\n<\/div>\n<!-- end List -->\t\t\t\t<\/div>\n\t\t\t\t<\/div>\n\t\t\t\t\t<\/div>\n\t\t<\/div>\n\t\t\t\t<div class=\"elementor-column elementor-col-50 elementor-inner-column elementor-element elementor-element-d36acf2\" data-id=\"d36acf2\" data-element_type=\"column\" data-e-type=\"column\">\n\t\t\t<div class=\"elementor-widget-wrap elementor-element-populated\">\n\t\t\t\t\t\t<div class=\"elementor-element elementor-element-97fe0ca elementor-widget elementor-widget-image\" data-id=\"97fe0ca\" data-element_type=\"widget\" data-e-type=\"widget\" data-settings=\"{&quot;ekit_we_effect_on&quot;:&quot;none&quot;}\" data-widget_type=\"image.default\">\n\t\t\t\t<div class=\"elementor-widget-container\">\n\t\t\t\t\t\t\t\t\t\t\t\t\t\t\t<img decoding=\"async\" width=\"500\" height=\"531\" src=\"https:\/\/mcspuronics.com\/wp-content\/uploads\/mm8500-numbered-tank.jpg\" class=\"attachment-large size-large wp-image-3769\" alt=\"\" srcset=\"https:\/\/mcspuronics.com\/wp-content\/uploads\/mm8500-numbered-tank.jpg 500w, https:\/\/mcspuronics.com\/wp-content\/uploads\/mm8500-numbered-tank-282x300.jpg 282w\" sizes=\"(max-width: 500px) 100vw, 500px\" \/>\t\t\t\t\t\t\t\t\t\t\t\t\t\t\t<\/div>\n\t\t\t\t<\/div>\n\t\t\t\t<div class=\"elementor-element elementor-element-ba4d0d9 elementor-widget elementor-widget-heading\" data-id=\"ba4d0d9\" data-element_type=\"widget\" data-e-type=\"widget\" data-settings=\"{&quot;ekit_we_effect_on&quot;:&quot;none&quot;}\" data-widget_type=\"heading.default\">\n\t\t\t\t<div class=\"elementor-widget-container\">\n\t\t\t\t\t<h4 class=\"elementor-heading-title elementor-size-default\">Un giro r\u00e1pido cierra el agua y extrae el cartucho: sin fugas, sin desorden.<\/h4>\t\t\t\t<\/div>\n\t\t\t\t<\/div>\n\t\t\t\t\t<\/div>\n\t\t<\/div>\n\t\t\t\t\t<\/div>\n\t\t<\/section>\n\t\t\t\t\t<\/div>\n\t\t<\/div>\n\t\t\t\t\t<\/div>\n\t\t<\/section>\n\t\t\t\t<section class=\"elementor-section elementor-top-section elementor-element elementor-element-4d2b4a55 elementor-section-boxed elementor-section-height-default elementor-section-height-default\" data-id=\"4d2b4a55\" data-element_type=\"section\" data-e-type=\"section\">\n\t\t\t\t\t\t<div class=\"elementor-container elementor-column-gap-default\">\n\t\t\t\t\t<div class=\"elementor-column elementor-col-100 elementor-top-column elementor-element elementor-element-4412e53\" data-id=\"4412e53\" data-element_type=\"column\" data-e-type=\"column\">\n\t\t\t<div class=\"elementor-widget-wrap elementor-element-populated\">\n\t\t\t\t\t\t<section class=\"elementor-section elementor-inner-section elementor-element elementor-element-14b6c1c5 elementor-section-boxed elementor-section-height-default elementor-section-height-default\" data-id=\"14b6c1c5\" data-element_type=\"section\" data-e-type=\"section\">\n\t\t\t\t\t\t<div class=\"elementor-container elementor-column-gap-default\">\n\t\t\t\t\t<div class=\"elementor-column elementor-col-100 elementor-inner-column elementor-element elementor-element-2971ed23\" data-id=\"2971ed23\" data-element_type=\"column\" data-e-type=\"column\">\n\t\t\t<div class=\"elementor-widget-wrap elementor-element-populated\">\n\t\t\t\t\t\t<div class=\"elementor-element elementor-element-4dadb036 elementor-position-left elementor-vertical-align-middle elementor-widget elementor-widget-image-box\" data-id=\"4dadb036\" data-element_type=\"widget\" data-e-type=\"widget\" data-settings=\"{&quot;ekit_we_effect_on&quot;:&quot;none&quot;}\" data-widget_type=\"image-box.default\">\n\t\t\t\t<div class=\"elementor-widget-container\">\n\t\t\t\t\t<div class=\"elementor-image-box-wrapper\"><figure class=\"elementor-image-box-img\"><img decoding=\"async\" width=\"200\" height=\"201\" src=\"https:\/\/mcspuronics.com\/wp-content\/uploads\/wqa-gold-seal.08.png\" class=\"attachment-full size-full wp-image-3713\" alt=\"\" srcset=\"https:\/\/mcspuronics.com\/wp-content\/uploads\/wqa-gold-seal.08.png 200w, https:\/\/mcspuronics.com\/wp-content\/uploads\/wqa-gold-seal.08-100x100.png 100w\" sizes=\"(max-width: 200px) 100vw, 200px\" \/><\/figure><div class=\"elementor-image-box-content\"><p class=\"elementor-image-box-description\">Sistema Probado y Certificado por la Asociaci\u00f3n de Calidad del Agua (WQA) seg\u00fan la Norma NSF\/ANSI 58 para la reducci\u00f3n de Ars\u00e9nico, Bario, Cadmio, Cromo Hexavalente, Cromo Trivalente, Cobre, Fl\u00faor, Plomo, Radio 226\/228, Selenio, Turbidez y S\u00f3lidos Disueltos Totales (TDS); seg\u00fan la Norma NSF\/ANSI 42 para la reducci\u00f3n est\u00e9tica del Sabor y Olor a Cloro; seg\u00fan la Norma NSF\/ANSI 53 para la reducci\u00f3n de COVs y PFOA\/PFOS; seg\u00fan la Norma NSF\/ANSI 401 para la reducci\u00f3n de Bisfenol A, Estrona, Ibuprofeno, Naproxeno y Nonilfenol; y seg\u00fan la Norma NSF\/ANSI 372 para el cumplimiento de bajo contenido de plomo.<\/p><\/div><\/div>\t\t\t\t<\/div>\n\t\t\t\t<\/div>\n\t\t\t\t<div class=\"elementor-element elementor-element-3108ebeb elementor-widget elementor-widget-text-editor\" data-id=\"3108ebeb\" data-element_type=\"widget\" data-e-type=\"widget\" data-settings=\"{&quot;ekit_we_effect_on&quot;:&quot;none&quot;}\" data-widget_type=\"text-editor.default\">\n\t\t\t\t<div class=\"elementor-widget-container\">\n\t\t\t\t\t\t\t\t\t<p>Los contaminantes u otras sustancias que pueden ser eliminados por el sistema Puronics\u00ae Micromax\u2122 no est\u00e1n necesariamente presentes en su agua. Los requisitos de mantenimiento operativo y reemplazo son esenciales para que el producto funcione como se anuncia.<\/p>\t\t\t\t\t\t\t\t<\/div>\n\t\t\t\t<\/div>\n\t\t\t\t\t<\/div>\n\t\t<\/div>\n\t\t\t\t\t<\/div>\n\t\t<\/section>\n\t\t\t\t\t<\/div>\n\t\t<\/div>\n\t\t\t\t\t<\/div>\n\t\t<\/section>\n\t\t\t\t<\/div>\n\t\t","protected":false},"excerpt":{"rendered":"<p>\u00bfSabe lo que hay en su agua potable?<br \/>\nObtenga la Tranquilidad con la Soluci\u00f3n Definitiva.<\/p>\n<p>El sistema de agua potable Puronics\u00ae Micromax\u2122 8500 est\u00e1 dise\u00f1ado con tecnolog\u00eda de filtraci\u00f3n avanzada para brindar la m\u00e1xima protecci\u00f3n y un agua cristalina de excelente sabor. Este sistema de 5 etapas reduce eficazmente la mayor\u00eda de los contaminantes, como productos farmac\u00e9uticos, PFAS (qu\u00edmicos potencialmente t\u00f3xicos), cloro, metales disueltos, plomo, quistes transmitidos por el agua y otros que puedan estar presentes en su suministro de agua. El dise\u00f1o sencillo se instala f\u00e1cilmente debajo de cualquier fregadero de cocina. El Micromax\u2122 8500 asegurar\u00e1 que su familia se beneficie de la reducci\u00f3n de riesgos asociados con contaminantes emergentes, tanto artificiales como otros, que puedan estar en los suministros de agua.<\/p>\n","protected":false},"featured_media":3642,"comment_status":"closed","ping_status":"closed","template":"","meta":[],"product_brand":[],"product_cat":[102],"product_tag":[],"class_list":{"0":"post-3770","1":"product","2":"type-product","3":"status-publish","4":"has-post-thumbnail","6":"product_cat-sistemas-de-agua-potable","8":"first","9":"instock","10":"featured","11":"taxable","12":"shipping-taxable","13":"product-type-simple"},"_links":{"self":[{"href":"https:\/\/mcspuronics.com\/es\/wp-json\/wp\/v2\/product\/3770","targetHints":{"allow":["GET"]}}],"collection":[{"href":"https:\/\/mcspuronics.com\/es\/wp-json\/wp\/v2\/product"}],"about":[{"href":"https:\/\/mcspuronics.com\/es\/wp-json\/wp\/v2\/types\/product"}],"replies":[{"embeddable":true,"href":"https:\/\/mcspuronics.com\/es\/wp-json\/wp\/v2\/comments?post=3770"}],"version-history":[{"count":5,"href":"https:\/\/mcspuronics.com\/es\/wp-json\/wp\/v2\/product\/3770\/revisions"}],"predecessor-version":[{"id":3783,"href":"https:\/\/mcspuronics.com\/es\/wp-json\/wp\/v2\/product\/3770\/revisions\/3783"}],"wp:featuredmedia":[{"embeddable":true,"href":"https:\/\/mcspuronics.com\/es\/wp-json\/wp\/v2\/media\/3642"}],"wp:attachment":[{"href":"https:\/\/mcspuronics.com\/es\/wp-json\/wp\/v2\/media?parent=3770"}],"wp:term":[{"taxonomy":"product_brand","embeddable":true,"href":"https:\/\/mcspuronics.com\/es\/wp-json\/wp\/v2\/product_brand?post=3770"},{"taxonomy":"product_cat","embeddable":true,"href":"https:\/\/mcspuronics.com\/es\/wp-json\/wp\/v2\/product_cat?post=3770"},{"taxonomy":"product_tag","embeddable":true,"href":"https:\/\/mcspuronics.com\/es\/wp-json\/wp\/v2\/product_tag?post=3770"}],"curies":[{"name":"wp","href":"https:\/\/api.w.org\/{rel}","templated":true}]}}