{"id":3789,"date":"2026-02-28T12:12:39","date_gmt":"2026-02-28T20:12:39","guid":{"rendered":"https:\/\/mcspuronics.com\/?post_type=product&#038;p=3789"},"modified":"2026-02-28T17:52:11","modified_gmt":"2026-03-01T01:52:11","slug":"sistema-de-osmosis-inversa-puronics-pur-alkaline","status":"publish","type":"product","link":"https:\/\/mcspuronics.com\/es\/product\/sistema-de-osmosis-inversa-puronics-pur-alkaline\/","title":{"rendered":"Sistema de \u00f3smosis inversa Puronics Pur-Alkaline"},"content":{"rendered":"\t\t<div data-elementor-type=\"product-post\" data-elementor-id=\"3789\" class=\"elementor elementor-3789 elementor-3660\" data-elementor-post-type=\"product\">\n\t\t\t\t\t\t<section class=\"elementor-section elementor-top-section elementor-element elementor-element-09082f2 elementor-section-boxed elementor-section-height-default elementor-section-height-default\" data-id=\"09082f2\" data-element_type=\"section\" data-e-type=\"section\">\n\t\t\t\t\t\t<div class=\"elementor-container elementor-column-gap-default\">\n\t\t\t\t\t<div class=\"elementor-column elementor-col-50 elementor-top-column elementor-element elementor-element-4d592d1\" data-id=\"4d592d1\" data-element_type=\"column\" data-e-type=\"column\">\n\t\t\t<div class=\"elementor-widget-wrap elementor-element-populated\">\n\t\t\t\t\t\t<div class=\"elementor-element elementor-element-1cd326d elementor-widget elementor-widget-heading\" data-id=\"1cd326d\" data-element_type=\"widget\" data-e-type=\"widget\" data-settings=\"{&quot;ekit_we_effect_on&quot;:&quot;none&quot;}\" data-widget_type=\"heading.default\">\n\t\t\t\t<div class=\"elementor-widget-container\">\n\t\t\t\t\t<h2 class=\"elementor-heading-title elementor-size-default\">La unidad Pur-Alkaline:<\/h2>\t\t\t\t<\/div>\n\t\t\t\t<\/div>\n\t\t\t\t<div class=\"elementor-element elementor-element-cc8dcd5 elementor-widget elementor-widget-text-editor\" data-id=\"cc8dcd5\" data-element_type=\"widget\" data-e-type=\"widget\" data-settings=\"{&quot;ekit_we_effect_on&quot;:&quot;none&quot;}\" data-widget_type=\"text-editor.default\">\n\t\t\t\t<div class=\"elementor-widget-container\">\n\t\t\t\t\t\t\t\t\t<ul><li>Revitaliza su agua con minerales esenciales<\/li><li>Mejora la hidrataci\u00f3n<\/li><li>Equilibra los niveles de pH de su agua<\/li><li>Complementa los niveles de nutrientes en su cuerpo<\/li><li>Mejora el rendimiento<\/li><li>Elimina la necesidad de agua embotellada<\/li><li>Sabe excelente<\/li><\/ul>\t\t\t\t\t\t\t\t<\/div>\n\t\t\t\t<\/div>\n\t\t\t\t\t<\/div>\n\t\t<\/div>\n\t\t\t\t<div class=\"elementor-column elementor-col-50 elementor-top-column elementor-element elementor-element-0aa75f7\" data-id=\"0aa75f7\" data-element_type=\"column\" data-e-type=\"column\">\n\t\t\t<div class=\"elementor-widget-wrap elementor-element-populated\">\n\t\t\t\t\t\t<div class=\"elementor-element elementor-element-36492d8 elementor-widget elementor-widget-image\" data-id=\"36492d8\" data-element_type=\"widget\" data-e-type=\"widget\" data-settings=\"{&quot;ekit_we_effect_on&quot;:&quot;none&quot;}\" data-widget_type=\"image.default\">\n\t\t\t\t<div class=\"elementor-widget-container\">\n\t\t\t\t\t\t\t\t\t\t\t\t\t\t\t<img fetchpriority=\"high\" decoding=\"async\" width=\"800\" height=\"683\" src=\"https:\/\/mcspuronics.com\/wp-content\/uploads\/PUR-ALK-RO.jpg\" class=\"attachment-large size-large wp-image-3784\" alt=\"PUR ALK RO\" srcset=\"https:\/\/mcspuronics.com\/wp-content\/uploads\/PUR-ALK-RO.jpg 843w, https:\/\/mcspuronics.com\/wp-content\/uploads\/PUR-ALK-RO-300x256.jpg 300w, https:\/\/mcspuronics.com\/wp-content\/uploads\/PUR-ALK-RO-768x656.jpg 768w, https:\/\/mcspuronics.com\/wp-content\/uploads\/PUR-ALK-RO-600x512.jpg 600w\" sizes=\"(max-width: 800px) 100vw, 800px\" \/>\t\t\t\t\t\t\t\t\t\t\t\t\t\t\t<\/div>\n\t\t\t\t<\/div>\n\t\t\t\t\t<\/div>\n\t\t<\/div>\n\t\t\t\t\t<\/div>\n\t\t<\/section>\n\t\t\t\t<section class=\"elementor-section elementor-top-section elementor-element elementor-element-12dbba0 elementor-section-boxed elementor-section-height-default elementor-section-height-default\" data-id=\"12dbba0\" data-element_type=\"section\" data-e-type=\"section\">\n\t\t\t\t\t\t<div class=\"elementor-container elementor-column-gap-default\">\n\t\t\t\t\t<div class=\"elementor-column elementor-col-100 elementor-top-column elementor-element elementor-element-8291917\" data-id=\"8291917\" data-element_type=\"column\" data-e-type=\"column\">\n\t\t\t<div class=\"elementor-widget-wrap elementor-element-populated\">\n\t\t\t\t\t\t<div class=\"elementor-element elementor-element-6bc4a7b elementor-widget elementor-widget-heading\" data-id=\"6bc4a7b\" data-element_type=\"widget\" data-e-type=\"widget\" data-settings=\"{&quot;ekit_we_effect_on&quot;:&quot;none&quot;}\" data-widget_type=\"heading.default\">\n\t\t\t\t<div class=\"elementor-widget-container\">\n\t\t\t\t\t<h3 class=\"elementor-heading-title elementor-size-default\">Filtro de Agua PUR-ALKALINE<\/h3>\t\t\t\t<\/div>\n\t\t\t\t<\/div>\n\t\t\t\t<div class=\"elementor-element elementor-element-07adece elementor-widget elementor-widget-text-editor\" data-id=\"07adece\" data-element_type=\"widget\" data-e-type=\"widget\" data-settings=\"{&quot;ekit_we_effect_on&quot;:&quot;none&quot;}\" data-widget_type=\"text-editor.default\">\n\t\t\t\t<div class=\"elementor-widget-container\">\n\t\t\t\t\t\t\t\t\t<p class=\"p1\">El filtro de agua PUR-ALKALINE de Puronics se instala t\u00edpicamente con sistemas de \u00d3smosis Inversa para mejorar su calidad de filtraci\u00f3n. El filtro PUR-ALKALINE restaura los minerales perdidos durante la \u00f3smosis inversa y los reemplaza con calcio, magnesio y potasio ionizados.<\/p>\t\t\t\t\t\t\t\t<\/div>\n\t\t\t\t<\/div>\n\t\t\t\t<section class=\"elementor-section elementor-inner-section elementor-element elementor-element-f5135ab elementor-section-boxed elementor-section-height-default elementor-section-height-default\" data-id=\"f5135ab\" data-element_type=\"section\" data-e-type=\"section\">\n\t\t\t\t\t\t<div class=\"elementor-container elementor-column-gap-default\">\n\t\t\t\t\t<div class=\"elementor-column elementor-col-50 elementor-inner-column elementor-element elementor-element-3ecf815\" data-id=\"3ecf815\" data-element_type=\"column\" data-e-type=\"column\">\n\t\t\t<div class=\"elementor-widget-wrap elementor-element-populated\">\n\t\t\t\t\t\t<div class=\"elementor-element elementor-element-81f2d2d elementor-widget elementor-widget-text-editor\" data-id=\"81f2d2d\" data-element_type=\"widget\" data-e-type=\"widget\" data-settings=\"{&quot;ekit_we_effect_on&quot;:&quot;none&quot;}\" data-widget_type=\"text-editor.default\">\n\t\t\t\t<div class=\"elementor-widget-container\">\n\t\t\t\t\t\t\t\t\t<strong>Caracter\u00edsticas:<\/strong>\n<table cellspacing=\"0\" cellpadding=\"0\">\n<tbody>\n<tr>\n<td>Valor<\/td>\n<td>Agua de \u00f3smosis inversa t\u00edpica<\/td>\n<td>Agua PUR-ALCALINA<\/td>\n<\/tr>\n<tr>\n<td>ORP (mV)<\/td>\n<td>100~200<\/td>\n<td>-150~-300<\/td>\n<\/tr>\n<tr>\n<td>pH<\/td>\n<td>6.0~7.0<\/td>\n<td>8.5~9.5<\/td>\n<\/tr>\n<tr>\n<td>TDS (ppm)<\/td>\n<td>20*40<\/td>\n<td>40~60<\/td>\n<\/tr>\n<\/tbody>\n<\/table>\t\t\t\t\t\t\t\t<\/div>\n\t\t\t\t<\/div>\n\t\t\t\t\t<\/div>\n\t\t<\/div>\n\t\t\t\t<div class=\"elementor-column elementor-col-50 elementor-inner-column elementor-element elementor-element-d36acf2\" data-id=\"d36acf2\" data-element_type=\"column\" data-e-type=\"column\">\n\t\t\t<div class=\"elementor-widget-wrap elementor-element-populated\">\n\t\t\t\t\t\t<div class=\"elementor-element elementor-element-b4fa392 elementor-widget elementor-widget-text-editor\" data-id=\"b4fa392\" data-element_type=\"widget\" data-e-type=\"widget\" data-settings=\"{&quot;ekit_we_effect_on&quot;:&quot;none&quot;}\" data-widget_type=\"text-editor.default\">\n\t\t\t\t<div class=\"elementor-widget-container\">\n\t\t\t\t\t\t\t\t\t<p><strong>Especificaci\u00f3n:<\/strong><\/p><table cellspacing=\"0\" cellpadding=\"0\"><tbody><tr><td>Vida:<\/td><td>1000 gal<\/td><\/tr><tr><td>Caudal m\u00e1ximo<\/td><td>1 gpm<\/td><\/tr><tr><td>Presi\u00f3n m\u00e1xima<\/td><td>120 psi<\/td><\/tr><tr><td>Temperatura m\u00e1xima<\/td><td>100 \u00b0F<\/td><\/tr><tr><td>Temperatura m\u00ednima<\/td><td>35 \u00b0F<\/td><\/tr><tr><td>Presi\u00f3n de ruptura<\/td><td>500 psi<\/td><\/tr><\/tbody><\/table>\t\t\t\t\t\t\t\t<\/div>\n\t\t\t\t<\/div>\n\t\t\t\t\t<\/div>\n\t\t<\/div>\n\t\t\t\t\t<\/div>\n\t\t<\/section>\n\t\t\t\t\t<\/div>\n\t\t<\/div>\n\t\t\t\t\t<\/div>\n\t\t<\/section>\n\t\t\t\t<section class=\"elementor-section elementor-top-section elementor-element elementor-element-72d3f4d elementor-section-boxed elementor-section-height-default elementor-section-height-default\" data-id=\"72d3f4d\" data-element_type=\"section\" data-e-type=\"section\">\n\t\t\t\t\t\t<div class=\"elementor-container elementor-column-gap-default\">\n\t\t\t\t\t<div class=\"elementor-column elementor-col-50 elementor-top-column elementor-element elementor-element-a7613b5\" data-id=\"a7613b5\" data-element_type=\"column\" data-e-type=\"column\">\n\t\t\t<div class=\"elementor-widget-wrap elementor-element-populated\">\n\t\t\t\t\t\t<section class=\"elementor-section elementor-inner-section elementor-element elementor-element-3da9e06 elementor-section-boxed elementor-section-height-default elementor-section-height-default\" data-id=\"3da9e06\" data-element_type=\"section\" data-e-type=\"section\">\n\t\t\t\t\t\t<div class=\"elementor-container elementor-column-gap-default\">\n\t\t\t\t\t<div class=\"elementor-column elementor-col-100 elementor-inner-column elementor-element elementor-element-2180b77\" data-id=\"2180b77\" data-element_type=\"column\" data-e-type=\"column\">\n\t\t\t<div class=\"elementor-widget-wrap elementor-element-populated\">\n\t\t\t\t\t\t<div class=\"elementor-element elementor-element-31e9ae3 elementor-widget elementor-widget-heading\" data-id=\"31e9ae3\" data-element_type=\"widget\" data-e-type=\"widget\" data-settings=\"{&quot;ekit_we_effect_on&quot;:&quot;none&quot;}\" data-widget_type=\"heading.default\">\n\t\t\t\t<div class=\"elementor-widget-container\">\n\t\t\t\t\t<h4 class=\"elementor-heading-title elementor-size-default\">El agua alcalina contiene minerales esenciales:<\/h4>\t\t\t\t<\/div>\n\t\t\t\t<\/div>\n\t\t\t\t<div class=\"elementor-element elementor-element-34f0b4b elementor-position-left elementor-vertical-align-top elementor-widget elementor-widget-image-box\" data-id=\"34f0b4b\" data-element_type=\"widget\" data-e-type=\"widget\" data-settings=\"{&quot;ekit_we_effect_on&quot;:&quot;none&quot;}\" data-widget_type=\"image-box.default\">\n\t\t\t\t<div class=\"elementor-widget-container\">\n\t\t\t\t\t<div class=\"elementor-image-box-wrapper\"><figure class=\"elementor-image-box-img\"><img decoding=\"async\" width=\"768\" height=\"768\" src=\"https:\/\/mcspuronics.com\/wp-content\/uploads\/girl-drinking-water-768x768.jpg\" class=\"attachment-medium_large size-medium_large wp-image-3785\" alt=\"girl drinking water\" srcset=\"https:\/\/mcspuronics.com\/wp-content\/uploads\/girl-drinking-water-768x768.jpg 768w, https:\/\/mcspuronics.com\/wp-content\/uploads\/girl-drinking-water-900x900.jpg 900w, https:\/\/mcspuronics.com\/wp-content\/uploads\/girl-drinking-water-300x300.jpg 300w, https:\/\/mcspuronics.com\/wp-content\/uploads\/girl-drinking-water-600x600.jpg 600w, https:\/\/mcspuronics.com\/wp-content\/uploads\/girl-drinking-water-100x100.jpg 100w, https:\/\/mcspuronics.com\/wp-content\/uploads\/girl-drinking-water.jpg 1000w\" sizes=\"(max-width: 768px) 100vw, 768px\" \/><\/figure><div class=\"elementor-image-box-content\"><p class=\"elementor-image-box-description\"><ul>\n<li>Mejora la hidrataci\u00f3n<\/li>\n<li>Complementa los niveles de nutrientes en su cuerpo<\/li>\n<li>Equilibra los niveles de pH de su agua<\/li>\n<li>Sabe excelente<\/li>\n<\/ul><\/p><\/div><\/div>\t\t\t\t<\/div>\n\t\t\t\t<\/div>\n\t\t\t\t\t<\/div>\n\t\t<\/div>\n\t\t\t\t\t<\/div>\n\t\t<\/section>\n\t\t\t\t<section class=\"elementor-section elementor-inner-section elementor-element elementor-element-4c40bc5 elementor-section-boxed elementor-section-height-default elementor-section-height-default\" data-id=\"4c40bc5\" data-element_type=\"section\" data-e-type=\"section\">\n\t\t\t\t\t\t<div class=\"elementor-container elementor-column-gap-default\">\n\t\t\t\t\t<div class=\"elementor-column elementor-col-100 elementor-inner-column elementor-element elementor-element-074222f\" data-id=\"074222f\" data-element_type=\"column\" data-e-type=\"column\">\n\t\t\t<div class=\"elementor-widget-wrap elementor-element-populated\">\n\t\t\t\t\t\t<div class=\"elementor-element elementor-element-e708e7c elementor-widget elementor-widget-heading\" data-id=\"e708e7c\" data-element_type=\"widget\" data-e-type=\"widget\" data-settings=\"{&quot;ekit_we_effect_on&quot;:&quot;none&quot;}\" data-widget_type=\"heading.default\">\n\t\t\t\t<div class=\"elementor-widget-container\">\n\t\t\t\t\t<h4 class=\"elementor-heading-title elementor-size-default\">Mejora Su Rendimiento<\/h4>\t\t\t\t<\/div>\n\t\t\t\t<\/div>\n\t\t\t\t<div class=\"elementor-element elementor-element-98fcf0f elementor-position-left elementor-vertical-align-top elementor-widget elementor-widget-image-box\" data-id=\"98fcf0f\" data-element_type=\"widget\" data-e-type=\"widget\" data-settings=\"{&quot;ekit_we_effect_on&quot;:&quot;none&quot;}\" data-widget_type=\"image-box.default\">\n\t\t\t\t<div class=\"elementor-widget-container\">\n\t\t\t\t\t<div class=\"elementor-image-box-wrapper\"><figure class=\"elementor-image-box-img\"><img decoding=\"async\" width=\"768\" height=\"768\" src=\"https:\/\/mcspuronics.com\/wp-content\/uploads\/workout-768x768.jpg\" class=\"attachment-medium_large size-medium_large wp-image-3786\" alt=\"workout\" srcset=\"https:\/\/mcspuronics.com\/wp-content\/uploads\/workout-768x768.jpg 768w, https:\/\/mcspuronics.com\/wp-content\/uploads\/workout-300x300.jpg 300w, https:\/\/mcspuronics.com\/wp-content\/uploads\/workout-100x100.jpg 100w, https:\/\/mcspuronics.com\/wp-content\/uploads\/workout-600x600.jpg 600w, https:\/\/mcspuronics.com\/wp-content\/uploads\/workout-900x900.jpg 900w, https:\/\/mcspuronics.com\/wp-content\/uploads\/workout.jpg 1000w\" sizes=\"(max-width: 768px) 100vw, 768px\" \/><\/figure><div class=\"elementor-image-box-content\"><p class=\"elementor-image-box-description\">Los atletas serios beben agua alcalina ionizada para ayudar a mejorar su nivel de rendimiento. El agua alcalina ayuda a reducir los \u00e1cidos metab\u00f3licos que pueden causar fatiga muscular, debilidad muscular y dificultar el esfuerzo continuo. El agua alcalina es absorbida por el cuerpo m\u00e1s r\u00e1pidamente, lo que mejora la hidrataci\u00f3n y el rendimiento.<\/p><\/div><\/div>\t\t\t\t<\/div>\n\t\t\t\t<\/div>\n\t\t\t\t\t<\/div>\n\t\t<\/div>\n\t\t\t\t\t<\/div>\n\t\t<\/section>\n\t\t\t\t<section class=\"elementor-section elementor-inner-section elementor-element elementor-element-c434530 elementor-section-boxed elementor-section-height-default elementor-section-height-default\" data-id=\"c434530\" data-element_type=\"section\" data-e-type=\"section\">\n\t\t\t\t\t\t<div class=\"elementor-container elementor-column-gap-default\">\n\t\t\t\t\t<div class=\"elementor-column elementor-col-100 elementor-inner-column elementor-element elementor-element-967fd68\" data-id=\"967fd68\" data-element_type=\"column\" data-e-type=\"column\">\n\t\t\t<div class=\"elementor-widget-wrap elementor-element-populated\">\n\t\t\t\t\t\t<div class=\"elementor-element elementor-element-478d822 elementor-widget elementor-widget-heading\" data-id=\"478d822\" data-element_type=\"widget\" data-e-type=\"widget\" data-settings=\"{&quot;ekit_we_effect_on&quot;:&quot;none&quot;}\" data-widget_type=\"heading.default\">\n\t\t\t\t<div class=\"elementor-widget-container\">\n\t\t\t\t\t<h4 class=\"elementor-heading-title elementor-size-default\">Convierta Su Agua del Grifo en una Fuente de Alto Rendimiento<\/h4>\t\t\t\t<\/div>\n\t\t\t\t<\/div>\n\t\t\t\t<div class=\"elementor-element elementor-element-a193d8e elementor-position-left elementor-vertical-align-top elementor-widget elementor-widget-image-box\" data-id=\"a193d8e\" data-element_type=\"widget\" data-e-type=\"widget\" data-settings=\"{&quot;ekit_we_effect_on&quot;:&quot;none&quot;}\" data-widget_type=\"image-box.default\">\n\t\t\t\t<div class=\"elementor-widget-container\">\n\t\t\t\t\t<div class=\"elementor-image-box-wrapper\"><figure class=\"elementor-image-box-img\"><img loading=\"lazy\" decoding=\"async\" width=\"768\" height=\"768\" src=\"https:\/\/mcspuronics.com\/wp-content\/uploads\/cycling-768x768.jpg\" class=\"attachment-medium_large size-medium_large wp-image-3787\" alt=\"\" srcset=\"https:\/\/mcspuronics.com\/wp-content\/uploads\/cycling-768x768.jpg 768w, https:\/\/mcspuronics.com\/wp-content\/uploads\/cycling-300x300.jpg 300w, https:\/\/mcspuronics.com\/wp-content\/uploads\/cycling-100x100.jpg 100w, https:\/\/mcspuronics.com\/wp-content\/uploads\/cycling-600x600.jpg 600w, https:\/\/mcspuronics.com\/wp-content\/uploads\/cycling-900x900.jpg 900w, https:\/\/mcspuronics.com\/wp-content\/uploads\/cycling.jpg 1000w\" sizes=\"(max-width: 768px) 100vw, 768px\" \/><\/figure><div class=\"elementor-image-box-content\"><p class=\"elementor-image-box-description\">El agua de su grifo municipal t\u00edpicamente contiene qu\u00edmicos agresivos como cloro o cloramina que se utilizan para tratarla y cumplir con los est\u00e1ndares de seguridad gubernamentales. Tambi\u00e9n puede contener minerales e impurezas que su cuerpo no necesita. La l\u00ednea de sistemas de agua potable por \u00f3smosis inversa (OI) Micromax\u2122 de Puronics elimina casi todos estos qu\u00edmicos agresivos, minerales e impurezas. Pero, los minerales beneficiosos tambi\u00e9n se eliminan durante este proceso. El Pur-Alkaline revitaliza su agua potable con los minerales esenciales que promueven un cuerpo m\u00e1s saludable.<\/p><\/div><\/div>\t\t\t\t<\/div>\n\t\t\t\t<\/div>\n\t\t\t\t\t<\/div>\n\t\t<\/div>\n\t\t\t\t\t<\/div>\n\t\t<\/section>\n\t\t\t\t\t<\/div>\n\t\t<\/div>\n\t\t\t\t<div class=\"elementor-column elementor-col-50 elementor-top-column elementor-element elementor-element-80ce400\" data-id=\"80ce400\" data-element_type=\"column\" data-e-type=\"column\">\n\t\t\t<div class=\"elementor-widget-wrap elementor-element-populated\">\n\t\t\t\t\t\t<div class=\"elementor-element elementor-element-a9b1842 elementor-widget elementor-widget-heading\" data-id=\"a9b1842\" data-element_type=\"widget\" data-e-type=\"widget\" data-settings=\"{&quot;ekit_we_effect_on&quot;:&quot;none&quot;}\" data-widget_type=\"heading.default\">\n\t\t\t\t<div class=\"elementor-widget-container\">\n\t\t\t\t\t<h4 class=\"elementor-heading-title elementor-size-default\">Sin Necesidad de Agua Embotellada<\/h4>\t\t\t\t<\/div>\n\t\t\t\t<\/div>\n\t\t\t\t<div class=\"elementor-element elementor-element-524cfcc elementor-widget elementor-widget-text-editor\" data-id=\"524cfcc\" data-element_type=\"widget\" data-e-type=\"widget\" data-settings=\"{&quot;ekit_we_effect_on&quot;:&quot;none&quot;}\" data-widget_type=\"text-editor.default\">\n\t\t\t\t<div class=\"elementor-widget-container\">\n\t\t\t\t\t\t\t\t\t<p>\u00bfRealmente sabe la calidad del agua embotellada que podr\u00eda beber? Con el Pur-Alkaline puede estar seguro de que el agua alcalina ionizada que est\u00e1 bebiendo es de la m\u00e1s alta calidad y proporciona los beneficios de los minerales esenciales que su cuerpo necesita&#8230; \u00a1y sabe Excelente!<\/p>\t\t\t\t\t\t\t\t<\/div>\n\t\t\t\t<\/div>\n\t\t\t\t<div class=\"elementor-element elementor-element-835a9f5 elementor-widget elementor-widget-image\" data-id=\"835a9f5\" data-element_type=\"widget\" data-e-type=\"widget\" data-settings=\"{&quot;ekit_we_effect_on&quot;:&quot;none&quot;}\" data-widget_type=\"image.default\">\n\t\t\t\t<div class=\"elementor-widget-container\">\n\t\t\t\t\t\t\t\t\t\t\t\t\t\t\t<img loading=\"lazy\" decoding=\"async\" width=\"543\" height=\"790\" src=\"https:\/\/mcspuronics.com\/wp-content\/uploads\/pur-alkaline-filter.png\" class=\"attachment-large size-large wp-image-3788\" alt=\"pur alkaline filter\" srcset=\"https:\/\/mcspuronics.com\/wp-content\/uploads\/pur-alkaline-filter.png 543w, https:\/\/mcspuronics.com\/wp-content\/uploads\/pur-alkaline-filter-206x300.png 206w\" sizes=\"(max-width: 543px) 100vw, 543px\" \/>\t\t\t\t\t\t\t\t\t\t\t\t\t\t\t<\/div>\n\t\t\t\t<\/div>\n\t\t\t\t\t<\/div>\n\t\t<\/div>\n\t\t\t\t\t<\/div>\n\t\t<\/section>\n\t\t\t\t<section class=\"elementor-section elementor-top-section elementor-element elementor-element-4d2b4a55 elementor-section-boxed elementor-section-height-default elementor-section-height-default\" data-id=\"4d2b4a55\" data-element_type=\"section\" data-e-type=\"section\">\n\t\t\t\t\t\t<div class=\"elementor-container elementor-column-gap-default\">\n\t\t\t\t\t<div class=\"elementor-column elementor-col-100 elementor-top-column elementor-element elementor-element-4412e53\" data-id=\"4412e53\" data-element_type=\"column\" data-e-type=\"column\">\n\t\t\t<div class=\"elementor-widget-wrap elementor-element-populated\">\n\t\t\t\t\t\t<section class=\"elementor-section elementor-inner-section elementor-element elementor-element-14b6c1c5 elementor-section-boxed elementor-section-height-default elementor-section-height-default\" data-id=\"14b6c1c5\" data-element_type=\"section\" data-e-type=\"section\">\n\t\t\t\t\t\t<div class=\"elementor-container elementor-column-gap-default\">\n\t\t\t\t\t<div class=\"elementor-column elementor-col-100 elementor-inner-column elementor-element elementor-element-2971ed23\" data-id=\"2971ed23\" data-element_type=\"column\" data-e-type=\"column\">\n\t\t\t<div class=\"elementor-widget-wrap elementor-element-populated\">\n\t\t\t\t\t\t<div class=\"elementor-element elementor-element-4dadb036 elementor-position-left elementor-vertical-align-middle elementor-widget elementor-widget-image-box\" data-id=\"4dadb036\" data-element_type=\"widget\" data-e-type=\"widget\" data-settings=\"{&quot;ekit_we_effect_on&quot;:&quot;none&quot;}\" data-widget_type=\"image-box.default\">\n\t\t\t\t<div class=\"elementor-widget-container\">\n\t\t\t\t\t<div class=\"elementor-image-box-wrapper\"><figure class=\"elementor-image-box-img\"><img loading=\"lazy\" decoding=\"async\" width=\"200\" height=\"201\" src=\"https:\/\/mcspuronics.com\/wp-content\/uploads\/wqa-gold-seal.08.png\" class=\"attachment-full size-full wp-image-3713\" alt=\"\" srcset=\"https:\/\/mcspuronics.com\/wp-content\/uploads\/wqa-gold-seal.08.png 200w, https:\/\/mcspuronics.com\/wp-content\/uploads\/wqa-gold-seal.08-100x100.png 100w\" sizes=\"(max-width: 200px) 100vw, 200px\" \/><\/figure><div class=\"elementor-image-box-content\"><p class=\"elementor-image-box-description\">Sistema Probado y Certificado por la Asociaci\u00f3n de Calidad del Agua (WQA) seg\u00fan la Norma NSF\/ANSI 58 para la reducci\u00f3n de Ars\u00e9nico, Bario, Cadmio, Cromo Hexavalente, Cromo Trivalente, Cobre, Fl\u00faor, Plomo, Radio 226\/228, Selenio, Turbidez y S\u00f3lidos Disueltos Totales (TDS); seg\u00fan la Norma NSF\/ANSI 42 para la reducci\u00f3n est\u00e9tica del Sabor y Olor a Cloro; seg\u00fan la Norma NSF\/ANSI 53 para la reducci\u00f3n de COVs y PFOA\/PFOS; seg\u00fan la Norma NSF\/ANSI 401 para la reducci\u00f3n de Bisfenol A, Estrona, Ibuprofeno, Naproxeno y Nonilfenol; y seg\u00fan la Norma NSF\/ANSI 372 para el cumplimiento de bajo contenido de plomo.<\/p><\/div><\/div>\t\t\t\t<\/div>\n\t\t\t\t<\/div>\n\t\t\t\t<div class=\"elementor-element elementor-element-3108ebeb elementor-widget elementor-widget-text-editor\" data-id=\"3108ebeb\" data-element_type=\"widget\" data-e-type=\"widget\" data-settings=\"{&quot;ekit_we_effect_on&quot;:&quot;none&quot;}\" data-widget_type=\"text-editor.default\">\n\t\t\t\t<div class=\"elementor-widget-container\">\n\t\t\t\t\t\t\t\t\t<p>Los contaminantes u otras sustancias que pueden ser eliminados por el sistema Puronics\u00ae Micromax\u2122 no est\u00e1n necesariamente presentes en su agua. Los requisitos de mantenimiento operativo y reemplazo son esenciales para que el producto funcione como se anuncia.<\/p>\t\t\t\t\t\t\t\t<\/div>\n\t\t\t\t<\/div>\n\t\t\t\t\t<\/div>\n\t\t<\/div>\n\t\t\t\t\t<\/div>\n\t\t<\/section>\n\t\t\t\t\t<\/div>\n\t\t<\/div>\n\t\t\t\t\t<\/div>\n\t\t<\/section>\n\t\t\t\t<\/div>\n\t\t","protected":false},"excerpt":{"rendered":"<p>\u00bfSabe lo que hay en su agua potable? Obtenga la Tranquilidad con la Soluci\u00f3n Definitiva.<br \/>\nEl sistema de \u00f3smosis inversa Pur-Alkaline de Puronics complementa el agua potable de alta calidad con minerales esenciales para promover un estilo de vida m\u00e1s saludable. El cuerpo humano es 70% agua, entonces \u00bfpor qu\u00e9 no beber agua que le proporcione a su cuerpo los minerales que necesita? Adem\u00e1s, sabe mejor. El Pur-Alkaline funciona en conjunto con un sistema de agua potable por \u00f3smosis inversa (OI), como la Serie Puronics\u00ae Micromax\u2122, para restaurar en su agua los minerales beneficiosos que se eliminaron durante el proceso de purificaci\u00f3n por \u00f3smosis inversa. As\u00ed que, obtenga m\u00e1s de su agua a\u00f1adi\u00e9ndole m\u00e1s con el Pur-Alkaline.<\/p>\n<ul>\n<li>Apoya una mejor salud<\/li>\n<li>Mejora el rendimiento<\/li>\n<li>Agua Claramente Refrescante\u2122<\/li>\n<li>Bebidas con mejor sabor<\/li>\n<\/ul>\n","protected":false},"featured_media":3784,"comment_status":"closed","ping_status":"closed","template":"","meta":[],"product_brand":[],"product_cat":[102],"product_tag":[],"class_list":{"0":"post-3789","1":"product","2":"type-product","3":"status-publish","4":"has-post-thumbnail","6":"product_cat-sistemas-de-agua-potable","8":"first","9":"instock","10":"featured","11":"taxable","12":"shipping-taxable","13":"product-type-simple"},"_links":{"self":[{"href":"https:\/\/mcspuronics.com\/es\/wp-json\/wp\/v2\/product\/3789","targetHints":{"allow":["GET"]}}],"collection":[{"href":"https:\/\/mcspuronics.com\/es\/wp-json\/wp\/v2\/product"}],"about":[{"href":"https:\/\/mcspuronics.com\/es\/wp-json\/wp\/v2\/types\/product"}],"replies":[{"embeddable":true,"href":"https:\/\/mcspuronics.com\/es\/wp-json\/wp\/v2\/comments?post=3789"}],"version-history":[{"count":5,"href":"https:\/\/mcspuronics.com\/es\/wp-json\/wp\/v2\/product\/3789\/revisions"}],"predecessor-version":[{"id":3804,"href":"https:\/\/mcspuronics.com\/es\/wp-json\/wp\/v2\/product\/3789\/revisions\/3804"}],"wp:featuredmedia":[{"embeddable":true,"href":"https:\/\/mcspuronics.com\/es\/wp-json\/wp\/v2\/media\/3784"}],"wp:attachment":[{"href":"https:\/\/mcspuronics.com\/es\/wp-json\/wp\/v2\/media?parent=3789"}],"wp:term":[{"taxonomy":"product_brand","embeddable":true,"href":"https:\/\/mcspuronics.com\/es\/wp-json\/wp\/v2\/product_brand?post=3789"},{"taxonomy":"product_cat","embeddable":true,"href":"https:\/\/mcspuronics.com\/es\/wp-json\/wp\/v2\/product_cat?post=3789"},{"taxonomy":"product_tag","embeddable":true,"href":"https:\/\/mcspuronics.com\/es\/wp-json\/wp\/v2\/product_tag?post=3789"}],"curies":[{"name":"wp","href":"https:\/\/api.w.org\/{rel}","templated":true}]}}